{"id":3319,"date":"2023-08-28T09:28:50","date_gmt":"2023-08-28T08:28:50","guid":{"rendered":"https:\/\/utiligize.com\/?page_id=3319"},"modified":"2025-11-09T18:48:33","modified_gmt":"2025-11-09T17:48:33","slug":"kontakt","status":"publish","type":"page","link":"https:\/\/utiligize.com\/pl\/kontakt\/","title":{"rendered":"Kontakt"},"content":{"rendered":"\n    <section class=\"acf-hero-simple\" >\n        <div class=\"acf-hero-simple__bg\">\n\t\t\t<img loading=\"lazy\" decoding=\"async\" width=\"1363\" height=\"451\" src=\"https:\/\/utiligize.com\/wp-content\/uploads\/2023\/09\/contacts-hero.jpg\" class=\"attachment-full size-full\" alt=\"\" srcset=\"https:\/\/utiligize.com\/wp-content\/uploads\/2023\/09\/contacts-hero.jpg 1363w, https:\/\/utiligize.com\/wp-content\/uploads\/2023\/09\/contacts-hero-300x99.jpg 300w, https:\/\/utiligize.com\/wp-content\/uploads\/2023\/09\/contacts-hero-1024x339.jpg 1024w, https:\/\/utiligize.com\/wp-content\/uploads\/2023\/09\/contacts-hero-768x254.jpg 768w\" sizes=\"auto, (max-width: 1363px) 100vw, 1363px\" \/>        <\/div>\n\n        <div class=\"container\">\n            <h2 class=\"acf-hero-simple__title\">\n\t\t\t\tKontakt            <\/h2>\n        <\/div>\n    <\/section>\n\n\n\n    <section class=\"acf-contacts\" >\n        <div class=\"container\">\n            <div class=\"acf-contacts__content\">\n                <div class=\"acf-contacts__content-info\">\n\t\t\t\t\t                        <h3 class=\"c-title c-title--orange c-title--left\">\n\t\t\t\t\t\t\tSkontaktuj si\u0119 z nami                        <\/h3>\n\t\t\t\t\t\t\t\t\t\t                        <p class=\"acf-contacts__subtitle\">\n\t\t\t\t\t\t\tChcesz dowiedzie\u0107 si\u0119 wi\u0119cej o Utiligize, naszych\r\nproduktach i us\u0142ugach? Skontaktuj si\u0119 z nami w dowolny wygodny spos\u00f3b.                        <\/p>\n\t\t\t\t\t\t\t\t\t\t                        <ul class=\"acf-contacts__contact-list\">\n\t\t\t\t\t\t\t                                <li>\n\t\t\t\t\t\t\t\t\t<svg class=\"\" xmlns=\"http:\/\/www.w3.org\/2000\/svg\" width=\"28\" height=\"28\" viewBox=\"0 0 28 28\" fill=\"none\">\n\t<mask id=\"mask0_37_36669\" style=\"mask-type:luminance\" maskUnits=\"userSpaceOnUse\" x=\"0\" y=\"0\" width=\"28\" height=\"28\">\n\t<path d=\"M0.0209961 0.304688H27.2743V27.2456H0.0209961V0.304688Z\" fill=\"white\"\/>\n\t<\/mask>\n\t<g mask=\"url(#mask0_37_36669)\">\n\t<path d=\"M4.79062 1.68034C4.52777 1.68034 4.28015 1.79463 4.00967 2.02701C3.97919 2.05367 3.59443 2.41558 3.343 2.64796L3.12205 2.84986C1.84205 4.02701 1.25919 6.13749 1.64396 8.23653C1.76586 8.91082 1.96396 9.61558 2.23443 10.3203C3.58681 13.8822 6.15824 16.9832 8.07443 18.9527C9.98681 20.9375 13.004 23.6194 16.562 25.1356C17.2668 25.4365 17.9716 25.6689 18.6573 25.8251C20.7716 26.3089 22.9544 25.8556 24.2192 24.667L24.4287 24.4689C24.6763 24.2442 25.0573 23.8899 25.1106 23.8365C25.8992 23.0442 25.5068 22.3851 23.9259 20.8118L23.5335 20.4156C22.5316 19.3984 20.8554 17.6956 19.4382 17.8594C19.0535 17.9051 18.6497 18.1794 18.223 18.4727C17.8001 18.7622 17.3621 19.0594 16.8401 19.2232C15.4306 19.6613 14.0021 19.3718 12.8173 18.4156C12.1087 17.8442 11.3887 17.1737 10.7335 16.4803C10.0706 15.8099 9.42681 15.067 8.87824 14.3432C7.96777 13.1318 7.75062 11.7184 8.27253 10.3661C8.46681 9.8632 8.79443 9.44796 9.11062 9.05177C9.43062 8.65177 9.73538 8.27082 9.80015 7.89748C10.044 6.51463 8.39824 4.7851 7.41538 3.75272L7.03443 3.3451C5.99443 2.22891 5.35824 1.68034 4.79062 1.68034ZM20.364 27.2461C19.6554 27.2461 18.9773 27.1622 18.3678 27.0213C17.6135 26.8499 16.8363 26.5946 16.063 26.2632C12.3106 24.667 9.15253 21.867 7.16396 19.7984C5.16776 17.7489 2.48586 14.507 1.05729 10.7508C0.760145 9.97367 0.543003 9.20034 0.40586 8.44987C0.043955 6.4651 0.341097 3.71463 2.26491 1.95463L2.47824 1.75653C2.74491 1.5051 3.16015 1.12034 3.17919 1.1051C5.103 -0.54823 6.8211 1.29558 7.96015 2.51463L8.33729 2.91463C9.47634 4.11463 11.3849 6.12225 11.0382 8.10701C10.9163 8.7851 10.4821 9.32987 10.1011 9.80987C9.83062 10.1489 9.57158 10.4727 9.44586 10.8003C9.07634 11.7642 9.22872 12.7356 9.89157 13.6118C10.4021 14.2937 11.0078 14.9908 11.644 15.6308C12.2687 16.2975 12.9506 16.9261 13.6173 17.467C14.4744 18.1603 15.4573 18.3622 16.4592 18.0499C16.8021 17.9432 17.1411 17.7108 17.503 17.4632C18.0135 17.1165 18.5925 16.7203 19.2897 16.6403C21.3354 16.4042 23.2744 18.3775 24.4363 19.5622L24.8211 19.947C26.0059 21.128 27.7925 22.9108 26.0059 24.7013C25.9754 24.728 25.5563 25.1165 25.2935 25.3642L25.0878 25.5508C23.7659 26.7965 21.9944 27.2461 20.364 27.2461Z\" fill=\"#1E134B\"\/>\n\t<\/g>\n\t<\/svg>                                    <a href=\"tel:+45 28438825\">+45 28438825<\/a>\n                                <\/li>\n\t\t\t\t\t\t\t\t\t\t\t\t\t\t                                <li>\n\t\t\t\t\t\t\t\t\t<svg class=\"\" xmlns=\"http:\/\/www.w3.org\/2000\/svg\" width=\"28\" height=\"19\" viewBox=\"0 0 28 19\" fill=\"none\">\n\t<mask id=\"mask0_37_36674\" style=\"mask-type:luminance\" maskUnits=\"userSpaceOnUse\" x=\"0\" y=\"0\" width=\"28\" height=\"19\">\n\t<path d=\"M0.106689 0.15625H27.8972V18.442H0.106689V0.15625Z\" fill=\"white\"\/>\n\t<\/mask>\n\t<g mask=\"url(#mask0_37_36674)\">\n\t<path d=\"M26.3047 0.206055H1.67617C1.46664 0.206055 1.26474 0.24796 1.07045 0.327959C0.876167 0.407959 0.708548 0.522246 0.559977 0.670817C0.411406 0.819388 0.297119 0.990817 0.21712 1.18129C0.13712 1.37558 0.0952148 1.57748 0.0952148 1.78701V16.8346C0.0952148 17.0441 0.13712 17.2461 0.21712 17.4403C0.297119 17.6346 0.411406 17.8061 0.559977 17.9508C0.708548 18.0994 0.876167 18.2137 1.07045 18.2937C1.26474 18.3775 1.46664 18.4156 1.67617 18.4156H26.3047C26.5143 18.4156 26.7162 18.3775 26.9066 18.2975C27.1009 18.2137 27.2724 18.0994 27.4209 17.9508C27.5695 17.8061 27.6838 17.6346 27.7638 17.4403C27.8438 17.2461 27.8819 17.0441 27.8819 16.8346V1.78701C27.8819 1.57748 27.8438 1.37558 27.7638 1.18129C27.6838 0.990817 27.5695 0.819388 27.4209 0.670817C27.2724 0.522246 27.1009 0.407959 26.9066 0.327959C26.7162 0.24796 26.5143 0.206055 26.3047 0.206055ZM18.3581 9.31082L27.0285 1.56225C27.0514 1.63844 27.0628 1.71082 27.0666 1.78701V16.8346C27.0628 16.9108 27.0514 16.987 27.0285 17.0594L18.3581 9.31082ZM26.3047 1.0251C26.3314 1.0251 26.3619 1.02891 26.3885 1.03272L14.4914 11.6613C14.3505 11.7908 14.179 11.8556 13.9885 11.8556C13.7943 11.8556 13.6266 11.7908 13.4819 11.6613L1.58855 1.03272C1.61521 1.02891 1.64569 1.0251 1.67617 1.0251H26.3047ZM0.952358 17.0594C0.929501 16.987 0.914263 16.9108 0.914263 16.8346V1.78701C0.914263 1.71082 0.929501 1.63844 0.952358 1.56225L9.62283 9.31082L0.952358 17.0594ZM1.67617 17.5965C1.64569 17.5965 1.61521 17.5927 1.58855 17.5889L10.2362 9.85939L12.9409 12.2746C13.0857 12.4041 13.2457 12.5032 13.4285 12.5718C13.6076 12.6403 13.7943 12.6746 13.9885 12.6746C14.1828 12.6746 14.3695 12.6403 14.5524 12.5718C14.7314 12.5032 14.8952 12.4041 15.04 12.2746L17.7409 9.85939L26.3885 17.5889C26.3619 17.5927 26.3314 17.5965 26.3047 17.5965H1.67617Z\" fill=\"#1E134B\"\/>\n\t<\/g>\n\t<\/svg>                                    <a href=\"mailto:contact@utiligize.com\">contact@utiligize.com<\/a>\n                                <\/li>\n\t\t\t\t\t\t\t\t\t\t\t\t\t\t                                <li>\n\t\t\t\t\t\t\t\t\t<svg class=\"\" xmlns=\"http:\/\/www.w3.org\/2000\/svg\" width=\"28\" height=\"31\" viewBox=\"0 0 28 31\" fill=\"none\">\n\t<mask id=\"mask0_47_15\" style=\"mask-type:luminance\" maskUnits=\"userSpaceOnUse\" x=\"0\" y=\"21\" width=\"28\" height=\"10\">\n\t<path d=\"M0.0322266 21.5947H27.8037V30.7528H0.0322266V21.5947Z\" fill=\"white\"\/>\n\t<\/mask>\n\t<g mask=\"url(#mask0_47_15)\">\n\t<path d=\"M10.3369 22.1357H5.06829L0.56543 30.2271H27.2702L22.7711 22.1357H17.4988\" stroke=\"#1E134B\" stroke-width=\"1.05945\" stroke-miterlimit=\"10\" stroke-linecap=\"round\" stroke-linejoin=\"round\"\/>\n\t<\/g>\n\t<mask id=\"mask1_47_15\" style=\"mask-type:luminance\" maskUnits=\"userSpaceOnUse\" x=\"4\" y=\"0\" width=\"21\" height=\"28\">\n\t<path d=\"M4 0H24.48V27.1733H4V0Z\" fill=\"white\"\/>\n\t<\/mask>\n\t<g mask=\"url(#mask1_47_15)\">\n\t<path d=\"M14.0497 26.1448C14.0497 26.1448 23.1316 17.501 23.1316 9.44385C23.1316 4.52195 19.063 0.525759 14.0497 0.525759C9.04016 0.525759 4.96777 4.52195 4.96777 9.44385C4.96777 17.501 14.0497 26.1448 14.0497 26.1448Z\" stroke=\"#1E134B\" stroke-width=\"1.05945\" stroke-miterlimit=\"10\" stroke-linecap=\"round\" stroke-linejoin=\"round\"\/>\n\t<path d=\"M14.4419 5C16.8952 5 18.8838 6.91238 18.8838 9.27047C18.8838 11.6286 16.8952 13.5409 14.4419 13.5409C11.9924 13.5409 10 11.6286 10 9.27047C10 6.91238 11.9924 5 14.4419 5Z\" stroke=\"#1E134B\" stroke-width=\"1.05945\" stroke-miterlimit=\"10\" stroke-linecap=\"round\" stroke-linejoin=\"round\"\/>\n\t<\/g>\n\t<\/svg>                                    <div>\n\t\t\t\t\t\t\t\t\t\tSankt Gertruds Str\u00e6de 5, 1.<br \/>\r\n1129 K\u00f8benhavn K<br \/>\r\nDania<br \/>\r\n                                    <\/div>\n                                <\/li>\n\t\t\t\t\t\t\t                        <\/ul>\n\t\t\t\t\t                <\/div>\n\t\t\t\t                    <div class=\"acf-contacts__form c-form\">\n\t\t\t\t\t\t\n<div class=\"wpcf7 no-js\" id=\"wpcf7-f3399-o1\" lang=\"pl-PL\" dir=\"ltr\" data-wpcf7-id=\"3399\">\n<div class=\"screen-reader-response\"><p role=\"status\" aria-live=\"polite\" aria-atomic=\"true\"><\/p> <ul><\/ul><\/div>\n<form action=\"\/pl\/wp-json\/wp\/v2\/pages\/3319#wpcf7-f3399-o1\" method=\"post\" class=\"wpcf7-form init\" aria-label=\"Formularz kontaktowy\" novalidate=\"novalidate\" data-status=\"init\">\n<fieldset class=\"hidden-fields-container\"><input type=\"hidden\" name=\"_wpcf7\" value=\"3399\" \/><input type=\"hidden\" name=\"_wpcf7_version\" value=\"6.1.3\" \/><input type=\"hidden\" name=\"_wpcf7_locale\" value=\"pl_PL\" \/><input type=\"hidden\" name=\"_wpcf7_unit_tag\" value=\"wpcf7-f3399-o1\" \/><input type=\"hidden\" name=\"_wpcf7_container_post\" value=\"0\" \/><input type=\"hidden\" name=\"_wpcf7_posted_data_hash\" value=\"\" \/><input type=\"hidden\" name=\"_wpcf7_recaptcha_response\" value=\"\" \/>\n<\/fieldset>\n<p><label> Imi\u0119*<br \/>\n<span class=\"wpcf7-form-control-wrap\" data-name=\"your-name\"><input size=\"40\" maxlength=\"400\" class=\"wpcf7-form-control wpcf7-text wpcf7-validates-as-required\" aria-required=\"true\" aria-invalid=\"false\" value=\"\" type=\"text\" name=\"your-name\" \/><\/span><br \/>\n<\/label>\n<\/p>\n<p><label> Nazwisko*<br \/>\n<span class=\"wpcf7-form-control-wrap\" data-name=\"surname\"><input size=\"40\" maxlength=\"400\" class=\"wpcf7-form-control wpcf7-text wpcf7-validates-as-required\" aria-required=\"true\" aria-invalid=\"false\" value=\"\" type=\"text\" name=\"surname\" \/><\/span><br \/>\n<\/label>\n<\/p>\n<p><label> Stanowisko*<br \/>\n<span class=\"wpcf7-form-control-wrap\" data-name=\"job-title\"><input size=\"40\" maxlength=\"400\" class=\"wpcf7-form-control wpcf7-text wpcf7-validates-as-required\" aria-required=\"true\" aria-invalid=\"false\" value=\"\" type=\"text\" name=\"job-title\" \/><\/span><br \/>\n<\/label>\n<\/p>\n<p><label> Firma*<br \/>\n<span class=\"wpcf7-form-control-wrap\" data-name=\"company\"><input size=\"40\" maxlength=\"400\" class=\"wpcf7-form-control wpcf7-text wpcf7-validates-as-required\" aria-required=\"true\" aria-invalid=\"false\" value=\"\" type=\"text\" name=\"company\" \/><\/span><br \/>\n<\/label>\n<\/p>\n<p><label> E-mail*<br \/>\n<span class=\"wpcf7-form-control-wrap\" data-name=\"your-email\"><input size=\"40\" maxlength=\"400\" class=\"wpcf7-form-control wpcf7-email wpcf7-validates-as-required wpcf7-text wpcf7-validates-as-email\" aria-required=\"true\" aria-invalid=\"false\" value=\"\" type=\"email\" name=\"your-email\" \/><\/span><br \/>\n<\/label>\n<\/p>\n<p><label><br \/>\n<span class=\"wpcf7-form-control-wrap\" data-name=\"your-message\"><textarea cols=\"40\" rows=\"10\" maxlength=\"150\" class=\"wpcf7-form-control wpcf7-textarea wpcf7-validates-as-required\" aria-required=\"true\" aria-invalid=\"false\" placeholder=\"Twoja wiadomo\u015b\u0107*\" name=\"your-message\"><\/textarea><\/span><br \/>\n<\/label>\n<\/p>\n<p><button type=\"submit\" class=\"wpcf7-form-control has-spinner wpcf7-submit\">Send<\/button><br \/>\n<span class=\"wpcf7-form-control-wrap\" data-name=\"acception\"><span class=\"wpcf7-form-control wpcf7-checkbox wpcf7-validates-as-required acception\"><span class=\"wpcf7-list-item first last\"><label><input type=\"checkbox\" name=\"acception[]\" value=\"I accept Utiligize\u2019s terms &amp; conditions*\" \/><span class=\"wpcf7-list-item-label\">I accept Utiligize\u2019s terms &amp; conditions*<\/span><\/label><\/span><\/span><\/span>\n<\/p>\n<p><span class=\"c-form__notification\">We do not share your information with third parties and only use it to contact you following your inquiry <a href=\"#\" target=\"_blank\"> privacy policy<\/a><br \/>\n<\/span>\n<\/p><div class=\"wpcf7-response-output\" aria-hidden=\"true\"><\/div>\n<\/form>\n<\/div>\n\n\t\t\t\t\t\t                            <div class=\"acf-contacts-form-popup JS-popup\">\n                                <div class=\"acf-contacts-form-popup__wrapper\">\n                                    <button class=\"acf-contacts-form-popup__close-btn JS-close-popup-btn\">x<\/button>\n                                    <div class=\"acf-contacts-form-popup__body\">\n\t\t\t\t\t\t\t\t\t\t<svg class=\"\" width=\"513\" height=\"513\" viewBox=\"0 0 513 513\" fill=\"none\" xmlns=\"http:\/\/www.w3.org\/2000\/svg\">\n\t<path fill-rule=\"evenodd\" clip-rule=\"evenodd\" d=\"M45.5537 1.163C36.4907 2.867 24.2487 9.601 16.9517 16.898C9.37175 24.479 2.90375 36.548 1.12275 46.434C-0.37425 54.746 -0.37425 457.254 1.12275 465.566C2.90375 475.452 9.37175 487.521 16.9517 495.102C24.5327 502.682 36.6017 509.15 46.4877 510.931C54.7997 512.428 457.308 512.428 465.62 510.931C475.506 509.15 487.575 502.682 495.156 495.102C502.736 487.521 509.204 475.452 510.985 465.566C511.703 461.58 512.054 421.632 512.054 343.816V228H483.554H455.054V341.5V455H256.054H57.0537V256V57H199.054H341.054V28.5V0L195.804 0.112C109.916 0.178 48.5107 0.608 45.5537 1.163ZM349.555 167.999L227.56 289.997L183.55 245.996L139.54 201.995L119.553 222.001L99.5658 242.006L163.558 306.004L227.55 370.002L369.798 227.756L512.046 85.51L492.309 65.755C481.454 54.89 472.343 46 472.062 46C471.781 46 416.653 100.899 349.555 167.999Z\" fill=\"#64BE8B\"\/>\n\t<\/svg>\n\t\n\t\t\t\t\t\t\t\t\t\t                                            <h5 class=\"acf-contacts-form-popup__title\">\n\t\t\t\t\t\t\t\t\t\t\t\tDzi\u0119kujemy!                                            <\/h5>\n\t\t\t\t\t\t\t\t\t\t\n\t\t\t\t\t\t\t\t\t\t                                            <p class=\"acf-contacts-form-popup__text\">\n\t\t\t\t\t\t\t\t\t\t\t\tTwoje zg\u0142oszenie zosta\u0142o pomy\u015blnie wys\u0142ane                                            <\/p>\n\t\t\t\t\t\t\t\t\t\t                                    <\/div>\n                                <\/div>\n                            <\/div>\n\t\t\t\t\t\t                    <\/div>\n\t\t\t\t            <\/div>\n        <\/div>\n\t\t\n                <div class=\"acf-contacts__map\">\n                    <div id=\"leafletMap\" class=\"w-full h-full z-0\" data-lat=\"55.6830945\" data-lng=\"12.57418777\"><\/div>\n                <\/div>\n\n\t\t\t    <\/section>\n","protected":false},"excerpt":{"rendered":"","protected":false},"author":2,"featured_media":0,"parent":0,"menu_order":0,"comment_status":"closed","ping_status":"closed","template":"","meta":{"_acf_changed":false,"footnotes":""},"class_list":["post-3319","page","type-page","status-publish","hentry"],"acf":[],"yoast_head":"<title>Kontakt - Utiligize<\/title>\n<meta name=\"description\" content=\"Zapraszamy do kontaktu. Potrzebujesz wi\u0119cej informacji? Chcesz zobaczy\u0107 jak dzia\u0142aj\u0105 nasze rozwi\u0105zania? Zapraszamy do kontaktu.\" \/>\n<meta name=\"robots\" content=\"index, follow, max-snippet:-1, max-image-preview:large, max-video-preview:-1\" \/>\n<link rel=\"canonical\" href=\"https:\/\/utiligize.com\/pl\/kontakt\/\" \/>\n<meta property=\"og:locale\" content=\"pl_PL\" \/>\n<meta property=\"og:type\" content=\"article\" \/>\n<meta property=\"og:title\" content=\"Kontakt - Utiligize\" \/>\n<meta property=\"og:description\" content=\"Zapraszamy do kontaktu. Potrzebujesz wi\u0119cej informacji? Chcesz zobaczy\u0107 jak dzia\u0142aj\u0105 nasze rozwi\u0105zania? Zapraszamy do kontaktu.\" \/>\n<meta property=\"og:url\" content=\"https:\/\/utiligize.com\/pl\/kontakt\/\" \/>\n<meta property=\"og:site_name\" content=\"Utiligize\" \/>\n<meta property=\"article:modified_time\" content=\"2025-11-09T17:48:33+00:00\" \/>\n<meta name=\"twitter:card\" content=\"summary_large_image\" \/>\n<script type=\"application\/ld+json\" class=\"yoast-schema-graph\">{\"@context\":\"https:\/\/schema.org\",\"@graph\":[{\"@type\":\"WebPage\",\"@id\":\"https:\/\/utiligize.com\/pl\/kontakt\/\",\"url\":\"https:\/\/utiligize.com\/pl\/kontakt\/\",\"name\":\"Kontakt - Utiligize\",\"isPartOf\":{\"@id\":\"https:\/\/utiligize.com\/pl\/#website\"},\"datePublished\":\"2023-08-28T08:28:50+00:00\",\"dateModified\":\"2025-11-09T17:48:33+00:00\",\"description\":\"Zapraszamy do kontaktu. Potrzebujesz wi\u0119cej informacji? Chcesz zobaczy\u0107 jak dzia\u0142aj\u0105 nasze rozwi\u0105zania? Zapraszamy do kontaktu.\",\"breadcrumb\":{\"@id\":\"https:\/\/utiligize.com\/pl\/kontakt\/#breadcrumb\"},\"inLanguage\":\"pl-PL\",\"potentialAction\":[{\"@type\":\"ReadAction\",\"target\":[\"https:\/\/utiligize.com\/pl\/kontakt\/\"]}]},{\"@type\":\"BreadcrumbList\",\"@id\":\"https:\/\/utiligize.com\/pl\/kontakt\/#breadcrumb\",\"itemListElement\":[{\"@type\":\"ListItem\",\"position\":1,\"name\":\"Home\",\"item\":\"https:\/\/utiligize.com\/pl\/\"},{\"@type\":\"ListItem\",\"position\":2,\"name\":\"Kontakt\"}]},{\"@type\":\"WebSite\",\"@id\":\"https:\/\/utiligize.com\/pl\/#website\",\"url\":\"https:\/\/utiligize.com\/pl\/\",\"name\":\"Utiligize\",\"description\":\"for powerful decisions\",\"potentialAction\":[{\"@type\":\"SearchAction\",\"target\":{\"@type\":\"EntryPoint\",\"urlTemplate\":\"https:\/\/utiligize.com\/pl\/?s={search_term_string}\"},\"query-input\":{\"@type\":\"PropertyValueSpecification\",\"valueRequired\":true,\"valueName\":\"search_term_string\"}}],\"inLanguage\":\"pl-PL\"}]}<\/script>","yoast_head_json":{"title":"Kontakt - Utiligize","description":"Zapraszamy do kontaktu. Potrzebujesz wi\u0119cej informacji? Chcesz zobaczy\u0107 jak dzia\u0142aj\u0105 nasze rozwi\u0105zania? Zapraszamy do kontaktu.","robots":{"index":"index","follow":"follow","max-snippet":"max-snippet:-1","max-image-preview":"max-image-preview:large","max-video-preview":"max-video-preview:-1"},"canonical":"https:\/\/utiligize.com\/pl\/kontakt\/","og_locale":"pl_PL","og_type":"article","og_title":"Kontakt - Utiligize","og_description":"Zapraszamy do kontaktu. Potrzebujesz wi\u0119cej informacji? Chcesz zobaczy\u0107 jak dzia\u0142aj\u0105 nasze rozwi\u0105zania? Zapraszamy do kontaktu.","og_url":"https:\/\/utiligize.com\/pl\/kontakt\/","og_site_name":"Utiligize","article_modified_time":"2025-11-09T17:48:33+00:00","twitter_card":"summary_large_image","schema":{"@context":"https:\/\/schema.org","@graph":[{"@type":"WebPage","@id":"https:\/\/utiligize.com\/pl\/kontakt\/","url":"https:\/\/utiligize.com\/pl\/kontakt\/","name":"Kontakt - Utiligize","isPartOf":{"@id":"https:\/\/utiligize.com\/pl\/#website"},"datePublished":"2023-08-28T08:28:50+00:00","dateModified":"2025-11-09T17:48:33+00:00","description":"Zapraszamy do kontaktu. Potrzebujesz wi\u0119cej informacji? Chcesz zobaczy\u0107 jak dzia\u0142aj\u0105 nasze rozwi\u0105zania? Zapraszamy do kontaktu.","breadcrumb":{"@id":"https:\/\/utiligize.com\/pl\/kontakt\/#breadcrumb"},"inLanguage":"pl-PL","potentialAction":[{"@type":"ReadAction","target":["https:\/\/utiligize.com\/pl\/kontakt\/"]}]},{"@type":"BreadcrumbList","@id":"https:\/\/utiligize.com\/pl\/kontakt\/#breadcrumb","itemListElement":[{"@type":"ListItem","position":1,"name":"Home","item":"https:\/\/utiligize.com\/pl\/"},{"@type":"ListItem","position":2,"name":"Kontakt"}]},{"@type":"WebSite","@id":"https:\/\/utiligize.com\/pl\/#website","url":"https:\/\/utiligize.com\/pl\/","name":"Utiligize","description":"for powerful decisions","potentialAction":[{"@type":"SearchAction","target":{"@type":"EntryPoint","urlTemplate":"https:\/\/utiligize.com\/pl\/?s={search_term_string}"},"query-input":{"@type":"PropertyValueSpecification","valueRequired":true,"valueName":"search_term_string"}}],"inLanguage":"pl-PL"}]}},"_links":{"self":[{"href":"https:\/\/utiligize.com\/pl\/wp-json\/wp\/v2\/pages\/3319","targetHints":{"allow":["GET"]}}],"collection":[{"href":"https:\/\/utiligize.com\/pl\/wp-json\/wp\/v2\/pages"}],"about":[{"href":"https:\/\/utiligize.com\/pl\/wp-json\/wp\/v2\/types\/page"}],"author":[{"embeddable":true,"href":"https:\/\/utiligize.com\/pl\/wp-json\/wp\/v2\/users\/2"}],"replies":[{"embeddable":true,"href":"https:\/\/utiligize.com\/pl\/wp-json\/wp\/v2\/comments?post=3319"}],"version-history":[{"count":3,"href":"https:\/\/utiligize.com\/pl\/wp-json\/wp\/v2\/pages\/3319\/revisions"}],"predecessor-version":[{"id":3450,"href":"https:\/\/utiligize.com\/pl\/wp-json\/wp\/v2\/pages\/3319\/revisions\/3450"}],"wp:attachment":[{"href":"https:\/\/utiligize.com\/pl\/wp-json\/wp\/v2\/media?parent=3319"}],"curies":[{"name":"wp","href":"https:\/\/api.w.org\/{rel}","templated":true}]}}