{"id":3368,"date":"2024-01-12T14:48:09","date_gmt":"2024-01-12T13:48:09","guid":{"rendered":"https:\/\/utiligize.com\/?page_id=3368"},"modified":"2025-11-19T21:07:01","modified_gmt":"2025-11-19T20:07:01","slug":"aktualnosci","status":"publish","type":"page","link":"https:\/\/utiligize.com\/pl\/aktualnosci\/","title":{"rendered":"Aktualno\u015bci"},"content":{"rendered":"\n    <section class=\"acf-hero-simple\" >\n        <div class=\"acf-hero-simple__bg\">\n\t\t\t<img loading=\"lazy\" decoding=\"async\" width=\"1363\" height=\"450\" src=\"https:\/\/utiligize.com\/wp-content\/uploads\/2023\/09\/hero-news.jpg\" class=\"attachment-full size-full\" alt=\"\" srcset=\"https:\/\/utiligize.com\/wp-content\/uploads\/2023\/09\/hero-news.jpg 1363w, https:\/\/utiligize.com\/wp-content\/uploads\/2023\/09\/hero-news-300x99.jpg 300w, https:\/\/utiligize.com\/wp-content\/uploads\/2023\/09\/hero-news-1024x338.jpg 1024w, https:\/\/utiligize.com\/wp-content\/uploads\/2023\/09\/hero-news-768x254.jpg 768w\" sizes=\"auto, (max-width: 1363px) 100vw, 1363px\" \/>        <\/div>\n\n        <div class=\"container\">\n            <h2 class=\"acf-hero-simple__title\">\n\t\t\t\tAktualno\u015bci            <\/h2>\n        <\/div>\n    <\/section>\n\n\n\n\t        <section class=\"acf-sticky-post\"  >\n            <div class=\"container\">\n                <div class=\"acf-sticky-post__content\">\n                    <div class=\"acf-sticky-post__content-left\">\n                        <h3 class=\"c-title c-title--violet c-title--left\">\n\t\t\t\t\t\t\tRozproszone \u0179r\u00f3d\u0142a Energii i emisje CO2 \u2013 na jakim etapie s\u0105 sieci dystrybucyjne?                        <\/h3>\n\t\t\t\t\t\t\t\t\t\t\t\t\t\t\t\t\t\t                            <div class=\"c-wysiwyg\">\n\t\t\t\t\t\t\t\t<p>W Utiligize mamy wyj\u0105tkow\u0105 mo\u017cliwo\u015b\u0107 uzyskiwania unikalnych i cennych informacji na temat tego, co dzieje si\u0119 wok\u00f3\u0142 sieci elektrycznych i zielonej transformacji. Dzi\u0119ki danym, kt\u00f3re udost\u0119pniaj\u0105 nam nasi klienci, oraz analizom, kt\u00f3re prowadzimy, zgromadzili\u015bmy liczby dotycz\u0105ce historycznego i przysz\u0142ego udzia\u0142u rozproszonych \u017ar\u00f3de\u0142 energii (DER), sytuacji wok\u00f3\u0142 turbin wiatrowych oraz emisji zwi\u0105zanych z dzia\u0142aniem sieci elektrycznych. W ca\u0142ej Danii dane od wybranych operator\u00f3w system\u00f3w dystrybucyjnych (DSO) jasno pokazuj\u0105 tempo zielonej transformacji: pojazdy elektryczne, baterie, instalacje fotowoltaiczne i pompy ciep\u0142a mno\u017c\u0105 si\u0119 szybciej ni\u017c kiedykolwiek. W szczeg\u00f3lno\u015bci liczba pojazd\u00f3w elektrycznych wzros\u0142a ogromnie, podobnie jak pojemno\u015b\u0107 pod\u0142\u0105czonych baterii. Cho\u0107 ca\u0142kowita pojemno\u015b\u0107 jest nadal&hellip;<\/p>\n                            <\/div>\n\t\t\t\t\t\t                        <a href=\"https:\/\/utiligize.com\/pl\/blog\/rozproszone-zrodla-energii-i-emisje-co2-na-jakim-etapie-sa-sieci-dystrybucyjne\/\" target=\"\" class=\"c-link c-link--circle-svg\">\n\t\t\t\t\t\t\tDowiedz si\u0119 wi\u0119cej\t\t\t\t\t\t\t<svg class=\"\" xmlns=\"http:\/\/www.w3.org\/2000\/svg\" width=\"37\" height=\"37\" viewBox=\"0 0 39 39\" fill=\"none\">\n\t\t<mask id=\"mask0_1_35\" style=\"mask-type:luminance\" maskUnits=\"userSpaceOnUse\" x=\"0\" y=\"0\" width=\"39\" height=\"39\">\n\t\t<path d=\"M0.956055 0.560547H38.7103V38.3148H0.956055V0.560547Z\" fill=\"white\"\/>\n\t\t<\/mask>\n\t\t<g mask=\"url(#mask0_1_35)\">\n\t\t<mask id=\"mask1_1_35\" style=\"mask-type:luminance\" maskUnits=\"userSpaceOnUse\" x=\"0\" y=\"0\" width=\"39\" height=\"39\">\n\t\t<path d=\"M19.8332 0.560547C9.40625 0.560547 0.956055 9.01074 0.956055 19.4376C0.956055 29.8646 9.40625 38.3148 19.8332 38.3148C30.2549 38.3148 38.7103 29.8646 38.7103 19.4376C38.7103 9.01074 30.2549 0.560547 19.8332 0.560547Z\" fill=\"white\"\/>\n\t\t<\/mask>\n\t\t<g mask=\"url(#mask1_1_35)\">\n\t\t<path d=\"M19.8332 0.560547C9.40625 0.560547 0.956055 9.01074 0.956055 19.4377C0.956055 29.8646 9.40625 38.3148 19.8332 38.3148C30.2549 38.3148 38.7103 29.8646 38.7103 19.4377C38.7103 9.01074 30.2549 0.560547 19.8332 0.560547Z\" stroke=\"#443666\" stroke-width=\"3.94815\"\/>\n\t\t<\/g>\n\t\t<\/g>\n\t\t<path d=\"M11.3672 19.499L25.7786 19.6129\" stroke=\"#443666\" stroke-width=\"2.98205\"\/>\n\t\t<path d=\"M19.8487 15.0957L25.7788 19.6132L19.7762 24.0375\" stroke=\"#443666\" stroke-width=\"2.98205\" stroke-linecap=\"round\" stroke-linejoin=\"round\"\/>\n\t<\/svg>                        <\/a>\n                    <\/div>\n                    <div class=\"acf-sticky-post__image\">\n\t\t\t\t\t\t<img loading=\"lazy\" decoding=\"async\" width=\"2560\" height=\"1627\" src=\"https:\/\/utiligize.com\/wp-content\/uploads\/2025\/09\/forecasted_der_evolution-scaled.png\" class=\"attachment-post-thumbnail size-post-thumbnail wp-post-image\" alt=\"\" srcset=\"https:\/\/utiligize.com\/wp-content\/uploads\/2025\/09\/forecasted_der_evolution-scaled.png 2560w, https:\/\/utiligize.com\/wp-content\/uploads\/2025\/09\/forecasted_der_evolution-300x191.png 300w, https:\/\/utiligize.com\/wp-content\/uploads\/2025\/09\/forecasted_der_evolution-1024x651.png 1024w, https:\/\/utiligize.com\/wp-content\/uploads\/2025\/09\/forecasted_der_evolution-768x488.png 768w, https:\/\/utiligize.com\/wp-content\/uploads\/2025\/09\/forecasted_der_evolution-1536x976.png 1536w, https:\/\/utiligize.com\/wp-content\/uploads\/2025\/09\/forecasted_der_evolution-2048x1302.png 2048w\" sizes=\"auto, (max-width: 2560px) 100vw, 2560px\" \/>                    <\/div>\n                <\/div>\n            <\/div>\n        <\/section>\n\t\t\n\n    <section class=\"acf-post-grid\" >\n        <div class=\"container\">\n\t\t\t                        <div class=\"acf-post-grid__categories\">\n                <div class=\"acf-post-grid__categories-btn js--post-grid-categories-btn\">Categories<\/div>\n                <ul class=\"acf-post-grid__categories-list js--post-grid-categories-list\">\n                                    <\/ul>\n            <\/div>\n            <div class=\"acf-post-grid__items\">\n\t\t\t\t                                    <a href=\"https:\/\/utiligize.com\/pl\/blog\/najwazniejsze-momenty-z-naszego-forum-grupy-uzytkownikow-w-kolding\/\" class=\"acf-post-grid__item-link\">\n                        <div class=\"acf-post-grid__link-text-box\">\n                                                            <span class=\"acf-post__link-date\">\n                                    04 czerwca 2025                                <\/span>\n                                                        <p class=\"acf-post-grid__link-title\">\n\t\t\t\t\t\t\t\tNajwa\u017cniejsze momenty z naszego forum grupy u\u017cytkownik\u00f3w w Kolding                            <\/p>\n\t                        \t                        \t\t\t\t\t\t\t                                <p class=\"acf-post-grid__link-text\">\n\t\t\t\t\t\t\t\t\t                                <\/p>\n\t\t\t\t\t\t\t                        <\/div>\n\t\t\t\t\t\t                            <div class=\"acf-post-grid__link-img\">\n                                <img decoding=\"async\" width=\"768\" height=\"576\" src=\"https:\/\/utiligize.com\/wp-content\/uploads\/2025\/09\/ugf2-768x576.jpg\" class=\"attachment-medium_large size-medium_large wp-post-image\" alt=\"\" loading=\"lazy\" srcset=\"https:\/\/utiligize.com\/wp-content\/uploads\/2025\/09\/ugf2-768x576.jpg 768w, https:\/\/utiligize.com\/wp-content\/uploads\/2025\/09\/ugf2-300x225.jpg 300w, https:\/\/utiligize.com\/wp-content\/uploads\/2025\/09\/ugf2-1024x768.jpg 1024w, https:\/\/utiligize.com\/wp-content\/uploads\/2025\/09\/ugf2-1536x1152.jpg 1536w, https:\/\/utiligize.com\/wp-content\/uploads\/2025\/09\/ugf2-2048x1536.jpg 2048w\" sizes=\"auto, (max-width: 768px) 100vw, 768px\" \/>                            <\/div>\n\t\t\t\t\t\t                    <\/a>\n\t\t\t\t                                    <a href=\"https:\/\/utiligize.com\/pl\/blog\/utiligize-zdobywa-w-2025-roku-nagrode-the-smarter-e-za-prognozy-i-inwestycje\/\" class=\"acf-post-grid__item-link\">\n                        <div class=\"acf-post-grid__link-text-box\">\n                                                            <span class=\"acf-post__link-date\">\n                                    26 maja 2025                                <\/span>\n                                                        <p class=\"acf-post-grid__link-title\">\n\t\t\t\t\t\t\t\tUtiligize zdobywa w 2025 roku nagrod\u0119 The Smarter E za &#8222;Prognozy i inwestycje&#8221;                            <\/p>\n\t                        \t                        \t\t\t\t\t\t\t                                <p class=\"acf-post-grid__link-text\">\n\t\t\t\t\t\t\t\t\tUtiligize Forecast &amp; Investment pokona\u0142o 20 innych konkurent\u00f3w, zdobywaj\u0105c presti\u017cow\u0105 nagrod\u0119 The smarter E w kategorii Smart Integrated Energy! To wyr\u00f3\u017cnienie podkre\u015bla nasze zaanga\u017cowanie w innowacje, zr\u00f3wnowa\u017cony rozw\u00f3j i cyfryzacj\u0119, kt\u00f3re wspieraj\u0105&hellip;                                <\/p>\n\t\t\t\t\t\t\t                        <\/div>\n\t\t\t\t\t\t                            <div class=\"acf-post-grid__link-img\">\n                                <img decoding=\"async\" width=\"768\" height=\"571\" src=\"https:\/\/utiligize.com\/wp-content\/uploads\/2025\/05\/smarter-e-small-768x571.png\" class=\"attachment-medium_large size-medium_large wp-post-image\" alt=\"\" loading=\"lazy\" srcset=\"https:\/\/utiligize.com\/wp-content\/uploads\/2025\/05\/smarter-e-small-768x571.png 768w, https:\/\/utiligize.com\/wp-content\/uploads\/2025\/05\/smarter-e-small-300x223.png 300w, https:\/\/utiligize.com\/wp-content\/uploads\/2025\/05\/smarter-e-small-1024x761.png 1024w, https:\/\/utiligize.com\/wp-content\/uploads\/2025\/05\/smarter-e-small.png 1200w\" sizes=\"auto, (max-width: 768px) 100vw, 768px\" \/>                            <\/div>\n\t\t\t\t\t\t                    <\/a>\n\t\t\t\t                            <\/div>\n\t\t\t        <\/div>\n    <\/section>\n","protected":false},"excerpt":{"rendered":"","protected":false},"author":2,"featured_media":3371,"parent":0,"menu_order":0,"comment_status":"closed","ping_status":"closed","template":"","meta":{"_acf_changed":false,"footnotes":""},"class_list":["post-3368","page","type-page","status-publish","has-post-thumbnail","hentry"],"acf":[],"yoast_head":"<title>Aktualno\u015bci - Utiligize<\/title>\n<meta name=\"description\" content=\"Zapoznaj si\u0119 z najnowszymi informacjami z Utiligize i opracowanymi przez Utiligize\" \/>\n<meta name=\"robots\" content=\"index, follow, max-snippet:-1, max-image-preview:large, max-video-preview:-1\" \/>\n<link rel=\"canonical\" href=\"https:\/\/utiligize.com\/pl\/aktualnosci\/\" \/>\n<meta property=\"og:locale\" content=\"pl_PL\" \/>\n<meta property=\"og:type\" content=\"article\" \/>\n<meta property=\"og:title\" content=\"Aktualno\u015bci - Utiligize\" \/>\n<meta property=\"og:description\" content=\"Zapoznaj si\u0119 z najnowszymi informacjami z Utiligize i opracowanymi przez Utiligize\" \/>\n<meta property=\"og:url\" content=\"https:\/\/utiligize.com\/pl\/aktualnosci\/\" \/>\n<meta property=\"og:site_name\" content=\"Utiligize\" \/>\n<meta property=\"article:modified_time\" content=\"2025-11-19T20:07:01+00:00\" \/>\n<meta property=\"og:image\" content=\"https:\/\/utiligize.com\/wp-content\/uploads\/2024\/02\/1706790118109.jpeg\" \/>\n\t<meta property=\"og:image:width\" content=\"1170\" \/>\n\t<meta property=\"og:image:height\" content=\"878\" \/>\n\t<meta property=\"og:image:type\" content=\"image\/jpeg\" \/>\n<meta name=\"twitter:card\" content=\"summary_large_image\" \/>\n<meta name=\"twitter:label1\" content=\"Szacowany czas czytania\" \/>\n\t<meta name=\"twitter:data1\" content=\"1 minuta\" \/>\n<script type=\"application\/ld+json\" class=\"yoast-schema-graph\">{\"@context\":\"https:\/\/schema.org\",\"@graph\":[{\"@type\":\"WebPage\",\"@id\":\"https:\/\/utiligize.com\/pl\/aktualnosci\/\",\"url\":\"https:\/\/utiligize.com\/pl\/aktualnosci\/\",\"name\":\"Aktualno\u015bci - Utiligize\",\"isPartOf\":{\"@id\":\"https:\/\/utiligize.com\/pl\/#website\"},\"primaryImageOfPage\":{\"@id\":\"https:\/\/utiligize.com\/pl\/aktualnosci\/#primaryimage\"},\"image\":{\"@id\":\"https:\/\/utiligize.com\/pl\/aktualnosci\/#primaryimage\"},\"thumbnailUrl\":\"https:\/\/utiligize.com\/wp-content\/uploads\/2024\/02\/1706790118109.jpeg\",\"datePublished\":\"2024-01-12T13:48:09+00:00\",\"dateModified\":\"2025-11-19T20:07:01+00:00\",\"description\":\"Zapoznaj si\u0119 z najnowszymi informacjami z Utiligize i opracowanymi przez Utiligize\",\"breadcrumb\":{\"@id\":\"https:\/\/utiligize.com\/pl\/aktualnosci\/#breadcrumb\"},\"inLanguage\":\"pl-PL\",\"potentialAction\":[{\"@type\":\"ReadAction\",\"target\":[\"https:\/\/utiligize.com\/pl\/aktualnosci\/\"]}]},{\"@type\":\"ImageObject\",\"inLanguage\":\"pl-PL\",\"@id\":\"https:\/\/utiligize.com\/pl\/aktualnosci\/#primaryimage\",\"url\":\"https:\/\/utiligize.com\/wp-content\/uploads\/2024\/02\/1706790118109.jpeg\",\"contentUrl\":\"https:\/\/utiligize.com\/wp-content\/uploads\/2024\/02\/1706790118109.jpeg\",\"width\":1170,\"height\":878},{\"@type\":\"BreadcrumbList\",\"@id\":\"https:\/\/utiligize.com\/pl\/aktualnosci\/#breadcrumb\",\"itemListElement\":[{\"@type\":\"ListItem\",\"position\":1,\"name\":\"Home\",\"item\":\"https:\/\/utiligize.com\/pl\/\"},{\"@type\":\"ListItem\",\"position\":2,\"name\":\"Aktualno\u015bci\"}]},{\"@type\":\"WebSite\",\"@id\":\"https:\/\/utiligize.com\/pl\/#website\",\"url\":\"https:\/\/utiligize.com\/pl\/\",\"name\":\"Utiligize\",\"description\":\"for powerful decisions\",\"potentialAction\":[{\"@type\":\"SearchAction\",\"target\":{\"@type\":\"EntryPoint\",\"urlTemplate\":\"https:\/\/utiligize.com\/pl\/?s={search_term_string}\"},\"query-input\":{\"@type\":\"PropertyValueSpecification\",\"valueRequired\":true,\"valueName\":\"search_term_string\"}}],\"inLanguage\":\"pl-PL\"}]}<\/script>","yoast_head_json":{"title":"Aktualno\u015bci - Utiligize","description":"Zapoznaj si\u0119 z najnowszymi informacjami z Utiligize i opracowanymi przez Utiligize","robots":{"index":"index","follow":"follow","max-snippet":"max-snippet:-1","max-image-preview":"max-image-preview:large","max-video-preview":"max-video-preview:-1"},"canonical":"https:\/\/utiligize.com\/pl\/aktualnosci\/","og_locale":"pl_PL","og_type":"article","og_title":"Aktualno\u015bci - Utiligize","og_description":"Zapoznaj si\u0119 z najnowszymi informacjami z Utiligize i opracowanymi przez Utiligize","og_url":"https:\/\/utiligize.com\/pl\/aktualnosci\/","og_site_name":"Utiligize","article_modified_time":"2025-11-19T20:07:01+00:00","og_image":[{"width":1170,"height":878,"url":"https:\/\/utiligize.com\/wp-content\/uploads\/2024\/02\/1706790118109.jpeg","type":"image\/jpeg"}],"twitter_card":"summary_large_image","twitter_misc":{"Szacowany czas czytania":"1 minuta"},"schema":{"@context":"https:\/\/schema.org","@graph":[{"@type":"WebPage","@id":"https:\/\/utiligize.com\/pl\/aktualnosci\/","url":"https:\/\/utiligize.com\/pl\/aktualnosci\/","name":"Aktualno\u015bci - Utiligize","isPartOf":{"@id":"https:\/\/utiligize.com\/pl\/#website"},"primaryImageOfPage":{"@id":"https:\/\/utiligize.com\/pl\/aktualnosci\/#primaryimage"},"image":{"@id":"https:\/\/utiligize.com\/pl\/aktualnosci\/#primaryimage"},"thumbnailUrl":"https:\/\/utiligize.com\/wp-content\/uploads\/2024\/02\/1706790118109.jpeg","datePublished":"2024-01-12T13:48:09+00:00","dateModified":"2025-11-19T20:07:01+00:00","description":"Zapoznaj si\u0119 z najnowszymi informacjami z Utiligize i opracowanymi przez Utiligize","breadcrumb":{"@id":"https:\/\/utiligize.com\/pl\/aktualnosci\/#breadcrumb"},"inLanguage":"pl-PL","potentialAction":[{"@type":"ReadAction","target":["https:\/\/utiligize.com\/pl\/aktualnosci\/"]}]},{"@type":"ImageObject","inLanguage":"pl-PL","@id":"https:\/\/utiligize.com\/pl\/aktualnosci\/#primaryimage","url":"https:\/\/utiligize.com\/wp-content\/uploads\/2024\/02\/1706790118109.jpeg","contentUrl":"https:\/\/utiligize.com\/wp-content\/uploads\/2024\/02\/1706790118109.jpeg","width":1170,"height":878},{"@type":"BreadcrumbList","@id":"https:\/\/utiligize.com\/pl\/aktualnosci\/#breadcrumb","itemListElement":[{"@type":"ListItem","position":1,"name":"Home","item":"https:\/\/utiligize.com\/pl\/"},{"@type":"ListItem","position":2,"name":"Aktualno\u015bci"}]},{"@type":"WebSite","@id":"https:\/\/utiligize.com\/pl\/#website","url":"https:\/\/utiligize.com\/pl\/","name":"Utiligize","description":"for powerful decisions","potentialAction":[{"@type":"SearchAction","target":{"@type":"EntryPoint","urlTemplate":"https:\/\/utiligize.com\/pl\/?s={search_term_string}"},"query-input":{"@type":"PropertyValueSpecification","valueRequired":true,"valueName":"search_term_string"}}],"inLanguage":"pl-PL"}]}},"_links":{"self":[{"href":"https:\/\/utiligize.com\/pl\/wp-json\/wp\/v2\/pages\/3368","targetHints":{"allow":["GET"]}}],"collection":[{"href":"https:\/\/utiligize.com\/pl\/wp-json\/wp\/v2\/pages"}],"about":[{"href":"https:\/\/utiligize.com\/pl\/wp-json\/wp\/v2\/types\/page"}],"author":[{"embeddable":true,"href":"https:\/\/utiligize.com\/pl\/wp-json\/wp\/v2\/users\/2"}],"replies":[{"embeddable":true,"href":"https:\/\/utiligize.com\/pl\/wp-json\/wp\/v2\/comments?post=3368"}],"version-history":[{"count":1,"href":"https:\/\/utiligize.com\/pl\/wp-json\/wp\/v2\/pages\/3368\/revisions"}],"predecessor-version":[{"id":3369,"href":"https:\/\/utiligize.com\/pl\/wp-json\/wp\/v2\/pages\/3368\/revisions\/3369"}],"wp:featuredmedia":[{"embeddable":true,"href":"https:\/\/utiligize.com\/pl\/wp-json\/wp\/v2\/media\/3371"}],"wp:attachment":[{"href":"https:\/\/utiligize.com\/pl\/wp-json\/wp\/v2\/media?parent=3368"}],"curies":[{"name":"wp","href":"https:\/\/api.w.org\/{rel}","templated":true}]}}