{"id":3372,"date":"2023-08-28T09:29:10","date_gmt":"2023-08-28T08:29:10","guid":{"rendered":"https:\/\/utiligize.com\/?page_id=3372"},"modified":"2025-11-19T20:43:55","modified_gmt":"2025-11-19T19:43:55","slug":"nasi-klienci","status":"publish","type":"page","link":"https:\/\/utiligize.com\/pl\/nasi-klienci\/","title":{"rendered":"Nasi klienci"},"content":{"rendered":"\n    <section class=\"acf-hero-simple\" >\n        <div class=\"acf-hero-simple__bg\">\n\t\t\t<img loading=\"lazy\" decoding=\"async\" width=\"1364\" height=\"451\" src=\"https:\/\/utiligize.com\/wp-content\/uploads\/2023\/09\/client-cases-hero.jpg\" class=\"attachment-full size-full\" alt=\"\" srcset=\"https:\/\/utiligize.com\/wp-content\/uploads\/2023\/09\/client-cases-hero.jpg 1364w, https:\/\/utiligize.com\/wp-content\/uploads\/2023\/09\/client-cases-hero-300x99.jpg 300w, https:\/\/utiligize.com\/wp-content\/uploads\/2023\/09\/client-cases-hero-1024x339.jpg 1024w, https:\/\/utiligize.com\/wp-content\/uploads\/2023\/09\/client-cases-hero-768x254.jpg 768w\" sizes=\"auto, (max-width: 1364px) 100vw, 1364px\" \/>        <\/div>\n\n        <div class=\"container\">\n            <h2 class=\"acf-hero-simple__title\">\n\t\t\t\tOto niekt\u00f3re nasze wdro\u017cenia            <\/h2>\n        <\/div>\n    <\/section>\n\n\n\n<div class=\"acf-spacer h-[0px] md:h-[40px] xl:h-[40px]\"><\/div>\n\n\n\n\t\n    <section class=\"acf-reverse-content bg-white\" id=case-1>\n        <div class=\"container\">\n\n            <div class=\"acf-reverse-content__grid md:flex-row-reverse\">\n\n                <div class=\"acf-reverse-content__item-media\">\n\t\t\t\t\t<img decoding=\"async\" width=\"768\" height=\"420\" src=\"https:\/\/utiligize.com\/wp-content\/uploads\/2023\/11\/photo.orange-768x420.jpg\" class=\"attachment-medium_large size-medium_large\" alt=\"\" loading=\"lazy\" srcset=\"https:\/\/utiligize.com\/wp-content\/uploads\/2023\/11\/photo.orange-768x420.jpg 768w, https:\/\/utiligize.com\/wp-content\/uploads\/2023\/11\/photo.orange-300x164.jpg 300w, https:\/\/utiligize.com\/wp-content\/uploads\/2023\/11\/photo.orange-1024x560.jpg 1024w, https:\/\/utiligize.com\/wp-content\/uploads\/2023\/11\/photo.orange-1536x840.jpg 1536w, https:\/\/utiligize.com\/wp-content\/uploads\/2023\/11\/photo.orange.jpg 1800w\" sizes=\"auto, (max-width: 768px) 100vw, 768px\" \/>\n\t\t\t\t\t\n\t\t\t\t\t                <\/div>\n\n\t\t\t\t\t\t\t\t\t                    <div class=\"acf-reverse-content__item-text\">\n\n\t\t\t\t\t\t                            <h3 class=\"c-title c-title--violet c-title--left\">\n\t\t\t\t\t\t\t\tDinel: Innowacyjne rozwi\u0105zania planowania sieci od Utiligize                            <\/h3>\n\t\t\t\t\t\t\n\t\t\t\t\t\t\n\t\t\t\t\t\t                            <div class=\"c-wysiwyg\">\n\t\t\t\t\t\t\t\t<p>Poznaj Dinel, wiod\u0105cego operatora systemu dystrybucyjnego (DSO), kt\u00f3ry zarz\u0105dza oko\u0142o 5 200 km kabli i obs\u0142uguje sie\u0107 elektryczn\u0105 we wschodniej Jutlandii. Dinel obs\u0142uguje blisko 110 000 klient\u00f3w ko\u0144cowych. Dzi\u0119ki wizjonerskiemu podej\u015bciu zdecydowali si\u0119 na wykorzystanie innowacyjnego rozwi\u0105zania SaaS Forecast &amp; Investment od Utiligize, przeznaczonego do rewolucjonizowania zarz\u0105dzania sieci\u0105.<\/p>\n                            <\/div>\n\t\t\t\t\t\t\n\t\t\t\t\t\t                    <\/div>\n\t\t\t\t            <\/div>\n\n        <\/div>\n    <\/section>\n\n\n\n    <section class=\"acf-text-block bg-white\"  >\n        <div class=\"container\">\n            <div class=\"acf-text-block__content\">\n\t\t\t\t\t\t\t\t\t\t\t\t                    <div class=\"c-wysiwyg\">\n\t\t\t\t\t\t<p>Forecast &amp; Investment to narz\u0119dzie do planowania scenariuszy, kt\u00f3re pozwala precyzyjnie przewidzie\u0107 wp\u0142yw transformacji ekologicznej na ca\u0142\u0105 sie\u0107 elektroenergetyczn\u0105, od wysokich napi\u0119\u0107 po sie\u0107 0,4 kV. To pot\u0119\u017cne rozwi\u0105zanie umo\u017cliwia Dinelowi tworzenie solidnych i perspektywicznych plan\u00f3w rozwoju sieci, przewiduj\u0105c integracj\u0119 rozproszonych \u017ar\u00f3de\u0142 energii. Nale\u017c\u0105 do nich samochody elektryczne, pompy ciep\u0142a, panele s\u0142oneczne oraz wi\u0119ksze instalacje wysokiego napi\u0119cia, takie jak rozleg\u0142e farmy s\u0142oneczne, parki wiatrak\u00f3w czy elektryfikacja przemys\u0142u.<\/p>\n<p>Jedn\u0105 z wyj\u0105tkowych cech Forecast &amp; Investment jest mo\u017cliwo\u015b\u0107 wykonywania oblicze\u0144 N-1. To przek\u0142ada si\u0119 na cenne mapy zdolno\u015bci przepustowej, wspieraj\u0105ce rozmieszczanie stacji \u0142adowania oraz inne inwestycje pod\u0142\u0105czane do sieci elektrycznej. Ponadto Forecast &amp; Investment tworzy niezawodne i solidne plany inwestycyjne, kt\u00f3re dostarczaj\u0105 Dinelowi jasn\u0105 map\u0119 bud\u017cetow\u0105 na przysz\u0142o\u015b\u0107.<\/p>\n<p class=\"cvGsUA direction-ltr align-center para-style-body\"><strong><em><span class=\"OYPEnA text-decoration-none text-strikethrough-none\">Erik Kongsgaard Rasmussen, <\/span><span class=\"OYPEnA text-decoration-none text-strikethrough-none\">Kierownik ds. energii w Dinel:<br \/>\n&#8222;Prognozy inwestycji od Utiligize daj\u0105 nam jasno\u015b\u0107, gdzie i kiedy nale\u017cy reinwestowa\u0107 w komponenty, a tak\u017ce jakie s\u0105 koszty elektryfikacji, z uwzgl\u0119dnieniem i bez reakcji na zapotrzebowanie.&#8221;<\/span><\/em><\/strong><\/p>\n<p>Do\u0142\u0105cz do nas w tworzeniu zr\u00f3wnowa\u017conego krajobrazu energetycznego dzi\u0119ki innowacyjnym rozwi\u0105zaniom SaaS od Utiligize. Razem mo\u017cemy prowadzi\u0107 drog\u0119 ku bardziej zielonej i efektywnej sieci, tak jak pokazuje to przyk\u0142ad Dinel.<\/p>\n                    <\/div>\n\t\t\t\t\t\t\t\t            <\/div>\n        <\/div>\n    <\/section>\n\n\n\n<div class=\"acf-spacer h-[30px] md:h-[50px] xl:h-[70px]\"><\/div>\n\n\n\n\t\n    <section class=\"acf-reverse-content bg-yellow-200\" id=case-2>\n        <div class=\"container\">\n\n            <div class=\"acf-reverse-content__grid md:flex-row\">\n\n                <div class=\"acf-reverse-content__item-media\">\n\t\t\t\t\t\n\t\t\t\t\t\n\t\t\t\t\t\t\t\t\t\t\t                        <div class=\"acf-reverse-content__oembed\">\n\t\t\t\t\t\t\t<iframe loading=\"lazy\" title=\"Envafors - task management \/ maintenance planning\" src=\"https:\/\/player.vimeo.com\/video\/1111225831?dnt=1&amp;app_id=122963&#038;autoplay=0&#038;controls=1&#038;loop=0&#038;title=0&#038;byline=0&#038;portrait=0&#038;rel=0&#038;showinfo=0&#038;hd=1&#038;autohide=1\" width=\"640\" height=\"360\" frameborder=\"0\" allow=\"autoplay; fullscreen; picture-in-picture; clipboard-write; encrypted-media; web-share\" referrerpolicy=\"strict-origin-when-cross-origin\" frameborder=\"1\"><\/iframe>                        <\/div>\n\t\t\t\t\t                <\/div>\n\n\t\t\t\t\t\t\t\t\t                    <div class=\"acf-reverse-content__item-text\">\n\n\t\t\t\t\t\t                            <h3 class=\"c-title c-title--orange c-title--right\">\n\t\t\t\t\t\t\t\tEnvafors: Wzmacnianie zarz\u0105dzania sieci\u0105 dzi\u0119ki Maintenance &#038; Planning od Utiligize                            <\/h3>\n\t\t\t\t\t\t\n\t\t\t\t\t\t\n\t\t\t\t\t\t                            <div class=\"c-wysiwyg\">\n\t\t\t\t\t\t\t\t<p>Przedstawiamy Envafors, pionierskiego operatora systemu dystrybucyjnego (DSO), kt\u00f3ry zarz\u0105dza sieci\u0105 elektryczn\u0105 i obs\u0142uguje spo\u0142eczno\u015bci N\u00e6stved, Slagelse oraz okolice w Danii. Obs\u0142uguj\u0105c oko\u0142o 45 000 klient\u00f3w ko\u0144cowych, Envafors poszukiwa\u0142 innowacyjnego rozwi\u0105zania do usprawnienia operacji i utrzymania sieci. Ich wyb\u00f3r pad\u0142 na SaaS Maintenance &amp; Planning od Utiligize.<\/p>\n<p>Maintenance &amp; Planning to kompleksowe narz\u0119dzie przeznaczone do planowania operacyjnego, utrzymania, dokumentacji inspekcji oraz monitorowania w czasie rzeczywistym stanu technicznego zasob\u00f3w sieciowych. Dla Envafors dostarczy\u0142o ono unikalny i bezcenny przegl\u0105d ich sieci elektrycznej. Platforma wprowadzi\u0142a uporz\u0105dkowane, stabilne i solidne podej\u015bcie do zarz\u0105dzania sieci\u0105, co przynios\u0142o znacz\u0105ce oszcz\u0119dno\u015bci poprzez eliminacj\u0119 zb\u0119dnych koszt\u00f3w operacyjnych.<\/p>\n                            <\/div>\n\t\t\t\t\t\t\n\t\t\t\t\t\t                    <\/div>\n\t\t\t\t            <\/div>\n\n        <\/div>\n    <\/section>\n\n\n\n\n\n\n    <section class=\"acf-text-block bg-yellow-200\"  >\n        <div class=\"container\">\n            <div class=\"acf-text-block__content\">\n\t\t\t\t\t\t\t\t\t\t\t\t                    <div class=\"c-wysiwyg\">\n\t\t\t\t\t\t<p>Ka\u017cdy technik w Envafors korzysta z mobilnej aplikacji Maintenance &amp; Planning, kt\u00f3ra jest niezb\u0119dnym narz\u0119dziem do rejestrowania pracy, robienia zdj\u0119\u0107 oraz dokumentacji proces\u00f3w na zasobach sieciowych. Co wi\u0119cej, technicy mog\u0105 \u0142atwo rejestrowa\u0107 godziny pracy za pomoc\u0105 aplikacji, co usprawnia rozdzia\u0142 zasob\u00f3w i bud\u017cetowanie godzin pracy.<\/p>\n<p>Co naprawd\u0119 wyr\u00f3\u017cnia Maintenance &amp; Planning, to jego bezproblemowa integracja z r\u00f3\u017cnymi systemami, takimi jak ERP, GIS oraz systemy inteligentnego pomiaru. Integracja ta nie tylko zwi\u0119ksza efektywno\u015b\u0107, ale tak\u017ce umo\u017cliwia zbieranie danych kosztowych w czasie rzeczywistym z ERP, zapewniaj\u0105c pe\u0142n\u0105 przejrzysto\u015b\u0107 \u2013 wcze\u015bniej by\u0142 to \u201eczarny box\u201d.<\/p>\n<p><i><strong>Peder Hansen, kierownik dzia\u0142u elektrycznego w Envafors:<br \/>\n&#8222;<span class=\"ui-provider a b c d e f g h i j k l m n o p q r s t u v w x y z ab ac ae af ag ah ai aj ak\" dir=\"ltr\">Ca\u0142a nasza strategia IT opiera si\u0119 na platformie Asset Management od Utiligize. Warto\u015b\u0107, jak\u0105 ich produkt tworzy dzi\u0119ki naszym danym, jest zdumiewaj\u0105ca.&#8221;<\/span><\/strong><\/i><\/p>\n<p>Do\u0142\u0105cz do nas w drodze do optymalizacji zarz\u0105dzania sieci\u0105 i spraw, by Twoje operacje by\u0142y op\u0142acalne, tak jak uda\u0142o si\u0119 to Envafors.<i><\/i><\/p>\n                    <\/div>\n\t\t\t\t\t\t\t\t            <\/div>\n        <\/div>\n    <\/section>\n\n\n\n<div class=\"acf-spacer h-[30px] md:h-[50px] xl:h-[70px]\"><\/div>\n\n\n\n    <section class=\"acf-text-block bg-white\"  >\n        <div class=\"container\">\n            <div class=\"acf-text-block__content\">\n\t\t\t\t\t\t\t\t\t\t\t\t                    <div class=\"c-wysiwyg\">\n\t\t\t\t\t\t<p>Do\u0142\u0105cz do Nord Energi Net oraz innych lider\u00f3w bran\u017cy w kszta\u0142towaniu przysz\u0142o\u015bci zarz\u0105dzania sieci\u0105 dzi\u0119ki innowacyjnym rozwi\u0105zaniom SaaS od Utiligize. Razem mo\u017cemy stworzy\u0107 odporny i zr\u00f3wnowa\u017cony krajobraz energetyczny, odpowiadaj\u0105cy na rosn\u0105ce potrzeby naszego spo\u0142ecze\u0144stwa.<\/p>\n                    <\/div>\n\t\t\t\t\t\t\t\t            <\/div>\n        <\/div>\n    <\/section>\n\n\n\n\t\n    <section class=\"acf-reverse-content bg-white\" id=case-3>\n        <div class=\"container\">\n\n            <div class=\"acf-reverse-content__grid md:flex-row-reverse\">\n\n                <div class=\"acf-reverse-content__item-media\">\n\t\t\t\t\t\n\t\t\t\t\t\n\t\t\t\t\t\t\t\t\t\t\t                        <div class=\"acf-reverse-content__oembed\">\n\t\t\t\t\t\t\t<iframe loading=\"lazy\" title=\"nord_energi_final-v3-subtitles\" src=\"https:\/\/player.vimeo.com\/video\/1111225955?dnt=1&amp;app_id=122963&#038;autoplay=0&#038;controls=1&#038;loop=0&#038;title=0&#038;byline=0&#038;portrait=0&#038;rel=0&#038;showinfo=0&#038;hd=1&#038;autohide=1\" width=\"640\" height=\"360\" frameborder=\"0\" allow=\"autoplay; fullscreen; picture-in-picture; clipboard-write; encrypted-media; web-share\" referrerpolicy=\"strict-origin-when-cross-origin\" frameborder=\"1\"><\/iframe>                        <\/div>\n\t\t\t\t\t                <\/div>\n\n\t\t\t\t\t\t\t\t\t                    <div class=\"acf-reverse-content__item-text\">\n\n\t\t\t\t\t\t                            <h3 class=\"c-title c-title--violet c-title--left\">\n\t\t\t\t\t\t\t\tNord Energi Net: Rewolucja w zarz\u0105dzaniu sieci\u0105 dzi\u0119ki Utiligize                            <\/h3>\n\t\t\t\t\t\t\n\t\t\t\t\t\t\n\t\t\t\t\t\t                            <div class=\"c-wysiwyg\">\n\t\t\t\t\t\t\t\t<p>Poznaj Nord Energi Net, znacz\u0105cego operatora systemu dystrybucyjnego (DSO) zlokalizowanego na p\u00f3\u0142nocy Danii, dostarczaj\u0105cego energi\u0119 do 105 000 klient\u00f3w w swojej sieci. Nord Energi Net rozpocz\u0119\u0142o transformacyjn\u0105 drog\u0119 w celu poprawy niezawodno\u015bci i wydajno\u015bci sieci. Zdecydowali si\u0119 na wykorzystanie zaawansowanego rozwi\u0105zania B2B SaaS Forecast &amp; Investment od Utiligize, aby sprosta\u0107 kluczowym wyzwaniom sieciowym.<\/p>\n<p>Forecast &amp; Investment to narz\u0119dzie do planowania scenariuszy, kt\u00f3re pozwala Nord Energi Net zidentyfikowa\u0107 i wymieni\u0107 kable oraz transformatory w ich obszarze sieciowym. Takie proaktywne podej\u015bcie zapewnia d\u0142ugowieczno\u015b\u0107 i efektywno\u015b\u0107 sieci, nawet w obliczu rosn\u0105cej elektryfikacji. Analizy predykcyjne systemu pomog\u0142y Nord Energi Net zlokalizowa\u0107 transformatory 60\/10kV zagro\u017cone znacznym przeci\u0105\u017ceniem do 2035 roku, co jest kluczowym wgl\u0105dem w adaptacj\u0119 do zwi\u0119kszonego zapotrzebowania na energi\u0119 elektryczn\u0105 w spo\u0142ecze\u0144stwie.<\/p>\n                            <\/div>\n\t\t\t\t\t\t\n\t\t\t\t\t\t                    <\/div>\n\t\t\t\t            <\/div>\n\n        <\/div>\n    <\/section>\n\n\n\n\t\n    <section class=\"acf-reverse-content bg-white\" id=case-3>\n        <div class=\"container\">\n\n            <div class=\"acf-reverse-content__grid md:flex-row\">\n\n                <div class=\"acf-reverse-content__item-media\">\n\t\t\t\t\t<img decoding=\"async\" width=\"418\" height=\"365\" src=\"https:\/\/utiligize.com\/wp-content\/uploads\/2025\/08\/Magnus-Lind-Hansen-NEN-2023-e1755593537391.jpg\" class=\"attachment-medium_large size-medium_large\" alt=\"\" loading=\"lazy\" srcset=\"https:\/\/utiligize.com\/wp-content\/uploads\/2025\/08\/Magnus-Lind-Hansen-NEN-2023-e1755593537391.jpg 418w, https:\/\/utiligize.com\/wp-content\/uploads\/2025\/08\/Magnus-Lind-Hansen-NEN-2023-e1755593537391-300x262.jpg 300w\" sizes=\"auto, (max-width: 418px) 100vw, 418px\" \/>\n\t\t\t\t\t\n\t\t\t\t\t                <\/div>\n\n\t\t\t\t\t\t\t\t\t                    <div class=\"acf-reverse-content__item-text\">\n\n\t\t\t\t\t\t\n\t\t\t\t\t\t<svg class=\"fill-violet\" xmlns=\"http:\/\/www.w3.org\/2000\/svg\" width=\"32\" height=\"26\" viewBox=\"0 0 32 26\" fill=\"none\">\n\t<path d=\"M0.541016 14.4111C0.541016 5.21322 5.21289 0.442383 14.2233 0.442383V7.06217C10.6191 7.06217 8.24935 8.61426 7.37956 11.4736H14.2233V25.4424H0.541016V14.4111ZM17.8171 14.4111C17.8171 5.21322 22.5046 0.442383 31.4993 0.442383V7.06217C27.8952 7.06217 25.5254 8.61426 24.6556 11.4736H31.4993V25.4424H17.8171V14.4111Z\"\/>\n\t<\/svg>\n\t\t\t\t\t\t                            <div class=\"c-wysiwyg\">\n\t\t\t\t\t\t\t\t<blockquote><p><em><strong>Wdro\u017cenie systemu Utiligize okaza\u0142o si\u0119 bardzo satysfakcjonuj\u0105ce, poniewa\u017c zapewni\u0142o Nord Energi Net nowy przegl\u0105d i wgl\u0105d w nasz\u0105 sie\u0107 elektryczn\u0105. Przede wszystkim u\u017cywamy systemu do planowania inwestycji i ju\u017c w ci\u0105gu pierwszych dni wykryli\u015bmy zasoby wymagaj\u0105ce inwestycji z powodu przeci\u0105\u017cenia, kt\u00f3re wcze\u015bniej nie by\u0142y dla nas widoczne. Sta\u0142 si\u0119 on nieocenionym narz\u0119dziem, kt\u00f3re pozwala podejmowa\u0107 \u015bwiadome decyzje i przygotowa\u0107 nasz\u0105 sie\u0107 na wyzwania elektryfikacji, kt\u00f3re nadchodz\u0105.<br \/>\nMagnus Hansen, Dyrektor Nord Energi Net<br \/>\n<\/strong><\/em><\/p><\/blockquote>\n                            <\/div>\n\t\t\t\t\t\t\n\t\t\t\t\t\t                    <\/div>\n\t\t\t\t            <\/div>\n\n        <\/div>\n    <\/section>\n\n\n\n<div class=\"acf-spacer h-[30px] md:h-[50px] xl:h-[70px]\"><\/div>\n\n\n\n\t\n    <section class=\"acf-reverse-content bg-yellow-200\" id=case-3>\n        <div class=\"container\">\n\n            <div class=\"acf-reverse-content__grid md:flex-row\">\n\n                <div class=\"acf-reverse-content__item-media\">\n\t\t\t\t\t<img decoding=\"async\" width=\"768\" height=\"686\" src=\"https:\/\/utiligize.com\/wp-content\/uploads\/2023\/11\/Trefor-hovedkontor-768x686.jpg\" class=\"attachment-medium_large size-medium_large\" alt=\"\" loading=\"lazy\" srcset=\"https:\/\/utiligize.com\/wp-content\/uploads\/2023\/11\/Trefor-hovedkontor-768x686.jpg 768w, https:\/\/utiligize.com\/wp-content\/uploads\/2023\/11\/Trefor-hovedkontor-300x268.jpg 300w, https:\/\/utiligize.com\/wp-content\/uploads\/2023\/11\/Trefor-hovedkontor.jpg 841w\" sizes=\"auto, (max-width: 768px) 100vw, 768px\" \/>\n\t\t\t\t\t\n\t\t\t\t\t                <\/div>\n\n\t\t\t\t\t\t\t\t\t                    <div class=\"acf-reverse-content__item-text\">\n\n\t\t\t\t\t\t                            <h3 class=\"c-title c-title--orange c-title--right\">\n\t\t\t\t\t\t\t\tTrefor Elnet zapewnia niezawodno\u015b\u0107 sieci dzi\u0119ki Forecast &#038; Investment od Utiligize                            <\/h3>\n\t\t\t\t\t\t\n\t\t\t\t\t\t\n\t\t\t\t\t\t                            <div class=\"c-wysiwyg\">\n\t\t\t\t\t\t\t\t<p>Przedstawiamy Trefor Elnet, wiod\u0105cego operatora systemu dystrybucyjnego (DSO) w Danii, obs\u0142uguj\u0105cego obszar Tr\u00f3jmiasta i cz\u0119\u015b\u0107 Fionii, dostarczaj\u0105cego energi\u0119 do oko\u0142o 150 000 klient\u00f3w. Trefor Elnet podj\u0105\u0142 transformacyjn\u0105 podr\u00f3\u017c, aby zapewni\u0107 niezawodne zasilanie w zmieniaj\u0105cym si\u0119 krajobrazie energetycznym. Zdecydowali si\u0119 na nowoczesne rozwi\u0105zanie B2B SaaS Forecast &amp; Investment od Utiligize, aby sprosta\u0107 krytycznym wyzwaniom sieciowym.<\/p>\n                            <\/div>\n\t\t\t\t\t\t\n\t\t\t\t\t\t                    <\/div>\n\t\t\t\t            <\/div>\n\n        <\/div>\n    <\/section>\n\n\n\n\t\n    <section class=\"acf-reverse-content bg-white\" id=case-3>\n        <div class=\"container\">\n\n            <div class=\"acf-reverse-content__grid md:flex-row-reverse\">\n\n                <div class=\"acf-reverse-content__item-media\">\n\t\t\t\t\t\n\t\t\t\t\t\n\t\t\t\t\t\t\t\t\t\t\t                        <div class=\"acf-reverse-content__oembed\">\n\t\t\t\t\t\t\t<iframe loading=\"lazy\" title=\"Veksel - predicting new loads\" src=\"https:\/\/player.vimeo.com\/video\/1111226128?dnt=1&amp;app_id=122963&#038;autoplay=0&#038;controls=1&#038;loop=0&#038;title=0&#038;byline=0&#038;portrait=0&#038;rel=0&#038;showinfo=0&#038;hd=1&#038;autohide=1\" width=\"640\" height=\"360\" frameborder=\"0\" allow=\"autoplay; fullscreen; picture-in-picture; clipboard-write; encrypted-media; web-share\" referrerpolicy=\"strict-origin-when-cross-origin\" frameborder=\"1\"><\/iframe>                        <\/div>\n\t\t\t\t\t                <\/div>\n\n\t\t\t\t\t\t\t\t\t                    <div class=\"acf-reverse-content__item-text\">\n\n\t\t\t\t\t\t                            <h3 class=\"c-title c-title--violet c-title--left\">\n\t\t\t\t\t\t\t\tPrognozowanie nowych obci\u0105\u017ce\u0144 sieci w Veksel                            <\/h3>\n\t\t\t\t\t\t\n\t\t\t\t\t\t\n\t\t\t\t\t\t                            <div class=\"c-wysiwyg\">\n\t\t\t\t\t\t\t\t<p>Zobacz, jak Veksel &#8211; operator sieci (DSO) na wyspie Langeland w Danii &#8211; korzysta z Forecast &amp; Investment oraz Maintenance &amp; Planning od Utiligize, aby zwi\u0119kszy\u0107 zwinno\u015b\u0107 i przewidywalno\u015b\u0107 inwestycji w sie\u0107. Veksel stoi przed nowymi obci\u0105\u017ceniami sieciowymi i wyzwaniami, np. dotycz\u0105cymi transformator\u00f3w 60\/10 kV z ciep\u0142owni miejskich. Zapewnienie nowych inwestycji w sie\u0107 jest kluczowe, co zosta\u0142o udokumentowane w ich obowi\u0105zkowym planie rozwoju sieci, aby zagwarantowa\u0107 jej odporno\u015b\u0107 na nadchodz\u0105ce lata.<\/p>\n<p><strong>Kierownik techniczny Brian Laulund-Pedersen<\/strong>: <em>&#8217;Narz\u0119dzia od Utiligize pozwalaj\u0105 nam by\u0107 bardziej zwinni w codziennej pracy. Czujemy si\u0119 lepiej przygotowani na przysz\u0142o\u015b\u0107 i mamy wi\u0119ksz\u0105 pewno\u015b\u0107 co do potrzeb inwestycyjnych&#8217;.<\/em><\/p>\n                            <\/div>\n\t\t\t\t\t\t\n\t\t\t\t\t\t                    <\/div>\n\t\t\t\t            <\/div>\n\n        <\/div>\n    <\/section>\n\n\n\n","protected":false},"excerpt":{"rendered":"","protected":false},"author":2,"featured_media":0,"parent":0,"menu_order":0,"comment_status":"closed","ping_status":"closed","template":"","meta":{"_acf_changed":false,"footnotes":""},"class_list":["post-3372","page","type-page","status-publish","hentry"],"acf":[],"yoast_head":"<title>Nasi klienci - Utiligize<\/title>\n<meta name=\"robots\" content=\"index, follow, max-snippet:-1, max-image-preview:large, max-video-preview:-1\" \/>\n<link rel=\"canonical\" href=\"https:\/\/utiligize.com\/pl\/nasi-klienci\/\" \/>\n<meta property=\"og:locale\" content=\"pl_PL\" \/>\n<meta property=\"og:type\" content=\"article\" \/>\n<meta property=\"og:title\" content=\"Nasi klienci - Utiligize\" \/>\n<meta property=\"og:url\" content=\"https:\/\/utiligize.com\/pl\/nasi-klienci\/\" \/>\n<meta property=\"og:site_name\" content=\"Utiligize\" \/>\n<meta property=\"article:modified_time\" content=\"2025-11-19T19:43:55+00:00\" \/>\n<meta name=\"twitter:card\" content=\"summary_large_image\" \/>\n<script type=\"application\/ld+json\" class=\"yoast-schema-graph\">{\"@context\":\"https:\/\/schema.org\",\"@graph\":[{\"@type\":\"WebPage\",\"@id\":\"https:\/\/utiligize.com\/pl\/nasi-klienci\/\",\"url\":\"https:\/\/utiligize.com\/pl\/nasi-klienci\/\",\"name\":\"Nasi klienci - Utiligize\",\"isPartOf\":{\"@id\":\"https:\/\/utiligize.com\/pl\/#website\"},\"datePublished\":\"2023-08-28T08:29:10+00:00\",\"dateModified\":\"2025-11-19T19:43:55+00:00\",\"breadcrumb\":{\"@id\":\"https:\/\/utiligize.com\/pl\/nasi-klienci\/#breadcrumb\"},\"inLanguage\":\"pl-PL\",\"potentialAction\":[{\"@type\":\"ReadAction\",\"target\":[\"https:\/\/utiligize.com\/pl\/nasi-klienci\/\"]}]},{\"@type\":\"BreadcrumbList\",\"@id\":\"https:\/\/utiligize.com\/pl\/nasi-klienci\/#breadcrumb\",\"itemListElement\":[{\"@type\":\"ListItem\",\"position\":1,\"name\":\"Home\",\"item\":\"https:\/\/utiligize.com\/pl\/\"},{\"@type\":\"ListItem\",\"position\":2,\"name\":\"Nasi klienci\"}]},{\"@type\":\"WebSite\",\"@id\":\"https:\/\/utiligize.com\/pl\/#website\",\"url\":\"https:\/\/utiligize.com\/pl\/\",\"name\":\"Utiligize\",\"description\":\"for powerful decisions\",\"potentialAction\":[{\"@type\":\"SearchAction\",\"target\":{\"@type\":\"EntryPoint\",\"urlTemplate\":\"https:\/\/utiligize.com\/pl\/?s={search_term_string}\"},\"query-input\":{\"@type\":\"PropertyValueSpecification\",\"valueRequired\":true,\"valueName\":\"search_term_string\"}}],\"inLanguage\":\"pl-PL\"}]}<\/script>","yoast_head_json":{"title":"Nasi klienci - Utiligize","robots":{"index":"index","follow":"follow","max-snippet":"max-snippet:-1","max-image-preview":"max-image-preview:large","max-video-preview":"max-video-preview:-1"},"canonical":"https:\/\/utiligize.com\/pl\/nasi-klienci\/","og_locale":"pl_PL","og_type":"article","og_title":"Nasi klienci - Utiligize","og_url":"https:\/\/utiligize.com\/pl\/nasi-klienci\/","og_site_name":"Utiligize","article_modified_time":"2025-11-19T19:43:55+00:00","twitter_card":"summary_large_image","schema":{"@context":"https:\/\/schema.org","@graph":[{"@type":"WebPage","@id":"https:\/\/utiligize.com\/pl\/nasi-klienci\/","url":"https:\/\/utiligize.com\/pl\/nasi-klienci\/","name":"Nasi klienci - Utiligize","isPartOf":{"@id":"https:\/\/utiligize.com\/pl\/#website"},"datePublished":"2023-08-28T08:29:10+00:00","dateModified":"2025-11-19T19:43:55+00:00","breadcrumb":{"@id":"https:\/\/utiligize.com\/pl\/nasi-klienci\/#breadcrumb"},"inLanguage":"pl-PL","potentialAction":[{"@type":"ReadAction","target":["https:\/\/utiligize.com\/pl\/nasi-klienci\/"]}]},{"@type":"BreadcrumbList","@id":"https:\/\/utiligize.com\/pl\/nasi-klienci\/#breadcrumb","itemListElement":[{"@type":"ListItem","position":1,"name":"Home","item":"https:\/\/utiligize.com\/pl\/"},{"@type":"ListItem","position":2,"name":"Nasi klienci"}]},{"@type":"WebSite","@id":"https:\/\/utiligize.com\/pl\/#website","url":"https:\/\/utiligize.com\/pl\/","name":"Utiligize","description":"for powerful decisions","potentialAction":[{"@type":"SearchAction","target":{"@type":"EntryPoint","urlTemplate":"https:\/\/utiligize.com\/pl\/?s={search_term_string}"},"query-input":{"@type":"PropertyValueSpecification","valueRequired":true,"valueName":"search_term_string"}}],"inLanguage":"pl-PL"}]}},"_links":{"self":[{"href":"https:\/\/utiligize.com\/pl\/wp-json\/wp\/v2\/pages\/3372","targetHints":{"allow":["GET"]}}],"collection":[{"href":"https:\/\/utiligize.com\/pl\/wp-json\/wp\/v2\/pages"}],"about":[{"href":"https:\/\/utiligize.com\/pl\/wp-json\/wp\/v2\/types\/page"}],"author":[{"embeddable":true,"href":"https:\/\/utiligize.com\/pl\/wp-json\/wp\/v2\/users\/2"}],"replies":[{"embeddable":true,"href":"https:\/\/utiligize.com\/pl\/wp-json\/wp\/v2\/comments?post=3372"}],"version-history":[{"count":2,"href":"https:\/\/utiligize.com\/pl\/wp-json\/wp\/v2\/pages\/3372\/revisions"}],"predecessor-version":[{"id":3542,"href":"https:\/\/utiligize.com\/pl\/wp-json\/wp\/v2\/pages\/3372\/revisions\/3542"}],"wp:attachment":[{"href":"https:\/\/utiligize.com\/pl\/wp-json\/wp\/v2\/media?parent=3372"}],"curies":[{"name":"wp","href":"https:\/\/api.w.org\/{rel}","templated":true}]}}