{"id":3383,"date":"2023-08-28T09:21:10","date_gmt":"2023-08-28T08:21:10","guid":{"rendered":"https:\/\/utiligize.com\/?page_id=3383"},"modified":"2025-11-19T21:01:09","modified_gmt":"2025-11-19T20:01:09","slug":"planowanie-inwestycji-sieciowych","status":"publish","type":"page","link":"https:\/\/utiligize.com\/pl\/planowanie-inwestycji-sieciowych\/","title":{"rendered":"Prognozy i inwestycje"},"content":{"rendered":"\n    <section class=\"acf-hero-simple\" >\n        <div class=\"acf-hero-simple__bg\">\n\t\t\t<img loading=\"lazy\" decoding=\"async\" width=\"1364\" height=\"451\" src=\"https:\/\/utiligize.com\/wp-content\/uploads\/2023\/09\/forecast-investments-hero.jpg\" class=\"attachment-full size-full\" alt=\"\" srcset=\"https:\/\/utiligize.com\/wp-content\/uploads\/2023\/09\/forecast-investments-hero.jpg 1364w, https:\/\/utiligize.com\/wp-content\/uploads\/2023\/09\/forecast-investments-hero-300x99.jpg 300w, https:\/\/utiligize.com\/wp-content\/uploads\/2023\/09\/forecast-investments-hero-1024x339.jpg 1024w, https:\/\/utiligize.com\/wp-content\/uploads\/2023\/09\/forecast-investments-hero-768x254.jpg 768w\" sizes=\"auto, (max-width: 1364px) 100vw, 1364px\" \/>        <\/div>\n\n        <div class=\"container\">\n            <h2 class=\"acf-hero-simple__title\">\n\t\t\t\tPlanowanie inwestycji sieciowych            <\/h2>\n        <\/div>\n    <\/section>\n\n\n\n<div class=\"acf-spacer h-[0px] md:h-[40px] xl:h-[40px]\"><\/div>\n\n\n\n    <section class=\"acf-text-block bg-white\"  >\n        <div class=\"container\">\n            <div class=\"acf-text-block__content\">\n\t\t\t\t                    <h3 class=\"acf-text-block__title\"> Twoja mapa drogowa do \u015bwiadomych decyzji inwestycyjnych w sieci <br> <\/h3>\n\t\t\t\t\t\t\t\t\t\t\t\t                    <div class=\"c-wysiwyg\">\n\t\t\t\t\t\t<p>We wsp\u00f3\u0142czesnym, stale zmieniaj\u0105cym si\u0119 krajobrazie energetycznym, przedsi\u0119biorstwa energetyczne stoj\u0105 przed wyj\u0105tkowymi wyzwaniami. Potrzeba elektryfikacji transportu i ogrzewania, w po\u0142\u0105czeniu ze starzej\u0105c\u0105 si\u0119 infrastruktur\u0105, wywiera bezprecedensow\u0105 presj\u0119 na bud\u017cety i niezawodno\u015b\u0107 systemu. Kt\u00f3re zasoby zostan\u0105 dotkni\u0119te? I kiedy?<\/p>\n<p>W\u0142a\u015bnie tu wchodzi w gr\u0119 modu\u0142 Prognozy i Inwestycji od Utiligize, rewolucjonizuj\u0105c spos\u00f3b planowania inwestycji przez przedsi\u0119biorstwa energetyczne dzi\u0119ki szczeg\u00f3\u0142owym symulacjom przysz\u0142ego obci\u0105\u017cenia sieci dostosowanym do specyficznych wyzwa\u0144 ka\u017cdej firmy.<\/p>\n                    <\/div>\n\t\t\t\t\t\t\t\t            <\/div>\n        <\/div>\n    <\/section>\n\n\n\n<div class=\"acf-spacer h-[0px] md:h-[40px] xl:h-[40px]\"><\/div>\n\n\n\n    <section class=\"acf-features\" >\n\t\t            <div class=\"acf-features__bg-image\">\n\t\t\t\t<img loading=\"lazy\" decoding=\"async\" width=\"1366\" height=\"768\" src=\"https:\/\/utiligize.com\/wp-content\/uploads\/2023\/09\/features-forecast-investments.jpg\" class=\"attachment-full size-full\" alt=\"\" srcset=\"https:\/\/utiligize.com\/wp-content\/uploads\/2023\/09\/features-forecast-investments.jpg 1366w, https:\/\/utiligize.com\/wp-content\/uploads\/2023\/09\/features-forecast-investments-300x169.jpg 300w, https:\/\/utiligize.com\/wp-content\/uploads\/2023\/09\/features-forecast-investments-1024x576.jpg 1024w, https:\/\/utiligize.com\/wp-content\/uploads\/2023\/09\/features-forecast-investments-768x432.jpg 768w\" sizes=\"auto, (max-width: 1366px) 100vw, 1366px\" \/>            <\/div>\n\t\t\n\t\t            <div class=\"container\">\n                <h3 class=\"c-title c-title--violet c-title--right\">\n\t\t\t\t\tKluczowe funkcje                <\/h3>\n            <\/div>\n\t\t\n\t\t            <div class=\"acf-features__list-content\">\n                <div class=\"container\">\n                    <div class=\"acf-features__list-items\">\n\t\t\t\t\t\t                            <div class=\"acf-features__list-item\">\n\n\t\t\t\t\t\t\t\t<img loading=\"lazy\" decoding=\"async\" width=\"67\" height=\"62\" src=\"https:\/\/utiligize.com\/wp-content\/uploads\/2023\/09\/feature_5.svg\" class=\"attachment-full size-full\" alt=\"\" \/>                                    <div>Optymalizuje inwestycje pod k\u0105tem niezawodno\u015bci, jednocze\u015bnie skutecznie zarz\u0105dzaj\u0105c kosztami.<\/div>\n\t\t\t\t\t\t\t\t\n                            <\/div>\n\t\t\t\t\t\t                            <div class=\"acf-features__list-item\">\n\n\t\t\t\t\t\t\t\t<img loading=\"lazy\" decoding=\"async\" width=\"64\" height=\"72\" src=\"https:\/\/utiligize.com\/wp-content\/uploads\/2023\/08\/feature_4.png\" class=\"attachment-full size-full\" alt=\"\" \/>                                    <div>Precyzyjne prognozowanie obci\u0105\u017cenia sieci, oferuj\u0105ce szczeg\u00f3\u0142owe prognozy dla lepszego planowania zasob\u00f3w.<\/div>\n\t\t\t\t\t\t\t\t\n                            <\/div>\n\t\t\t\t\t\t                            <div class=\"acf-features__list-item\">\n\n\t\t\t\t\t\t\t\t<img loading=\"lazy\" decoding=\"async\" width=\"88\" height=\"75\" src=\"https:\/\/utiligize.com\/wp-content\/uploads\/2023\/09\/feature_6.svg\" class=\"attachment-full size-full\" alt=\"\" \/>                                    <div>Zwi\u0119ksza niezawodno\u015b\u0107 sieci dzi\u0119ki symulacjom N-1, kt\u00f3re oceniaj\u0105 odporno\u015b\u0107 ca\u0142ej sieci elektroenergetycznej.<\/div>\n\t\t\t\t\t\t\t\t\n                            <\/div>\n\t\t\t\t\t\t                    <\/div>\n                <\/div>\n            <\/div>\n\t\t    <\/section>\n\n\n\n<div class=\"acf-spacer h-[0px] md:h-[40px] xl:h-[40px]\"><\/div>\n\n\n\n\t\n    <section class=\"acf-reverse-content bg-white\" >\n        <div class=\"container\">\n\n            <div class=\"acf-reverse-content__grid md:flex-row-reverse\">\n\n                <div class=\"acf-reverse-content__item-media\">\n\t\t\t\t\t<img decoding=\"async\" width=\"768\" height=\"432\" src=\"https:\/\/utiligize.com\/wp-content\/uploads\/2023\/11\/Utiligize-FI-Dashboard-2023-C-768x432.jpg\" class=\"attachment-medium_large size-medium_large\" alt=\"\" loading=\"lazy\" srcset=\"https:\/\/utiligize.com\/wp-content\/uploads\/2023\/11\/Utiligize-FI-Dashboard-2023-C-768x432.jpg 768w, https:\/\/utiligize.com\/wp-content\/uploads\/2023\/11\/Utiligize-FI-Dashboard-2023-C-300x169.jpg 300w, https:\/\/utiligize.com\/wp-content\/uploads\/2023\/11\/Utiligize-FI-Dashboard-2023-C-1024x576.jpg 1024w, https:\/\/utiligize.com\/wp-content\/uploads\/2023\/11\/Utiligize-FI-Dashboard-2023-C.jpg 1280w\" sizes=\"auto, (max-width: 768px) 100vw, 768px\" \/>\n\t\t\t\t\t\n\t\t\t\t\t                <\/div>\n\n\t\t\t\t\t\t\t\t\t                    <div class=\"acf-reverse-content__item-text\">\n\n\t\t\t\t\t\t                            <h3 class=\"c-title c-title--violet c-title--left\">\n\t\t\t\t\t\t\t\tDecyzje inwestycyjne obni\u017caj\u0105ce koszty o 35%                            <\/h3>\n\t\t\t\t\t\t\n\t\t\t\t\t\t\n\t\t\t\t\t\t                            <div class=\"c-wysiwyg\">\n\t\t\t\t\t\t\t\t<p>Nasze rozwi\u0105zanie wykorzystuje zaawansowane algorytmy i analiz\u0119 danych, dostarczaj\u0105c Ci bezcennych informacji. Wykracza poza tradycyjne planowanie, umo\u017cliwiaj\u0105c podejmowanie decyzji inwestycyjnych w oparciu o solidne zrozumienie Twoich potrzeb, wyzwa\u0144 i mo\u017cliwo\u015bci. W szybko zmieniaj\u0105cym si\u0119 \u015bwiecie posiadanie takich prognoz jest nieocenione.<\/p>\n<p>&nbsp;<\/p>\n                            <\/div>\n\t\t\t\t\t\t\n\t\t\t\t\t\t                    <\/div>\n\t\t\t\t            <\/div>\n\n        <\/div>\n    <\/section>\n\n\n\n\t\n    <section class=\"acf-reverse-content bg-yellow-200\" >\n        <div class=\"container\">\n\n            <div class=\"acf-reverse-content__grid md:flex-row\">\n\n                <div class=\"acf-reverse-content__item-media\">\n\t\t\t\t\t<img decoding=\"async\" width=\"768\" height=\"499\" src=\"https:\/\/utiligize.com\/wp-content\/uploads\/2023\/09\/notebook-768x499.png\" class=\"attachment-medium_large size-medium_large\" alt=\"\" loading=\"lazy\" srcset=\"https:\/\/utiligize.com\/wp-content\/uploads\/2023\/09\/notebook-768x499.png 768w, https:\/\/utiligize.com\/wp-content\/uploads\/2023\/09\/notebook-300x195.png 300w, https:\/\/utiligize.com\/wp-content\/uploads\/2023\/09\/notebook-1024x666.png 1024w, https:\/\/utiligize.com\/wp-content\/uploads\/2023\/09\/notebook.png 1186w\" sizes=\"auto, (max-width: 768px) 100vw, 768px\" \/>\n\t\t\t\t\t\n\t\t\t\t\t                <\/div>\n\n\t\t\t\t\t\t\t\t\t                    <div class=\"acf-reverse-content__item-text\">\n\n\t\t\t\t\t\t                            <h3 class=\"c-title c-title--orange c-title--right\">\n\t\t\t\t\t\t\t\tPrzejrzysto\u015b\u0107 i zgodno\u015b\u0107                            <\/h3>\n\t\t\t\t\t\t\n\t\t\t\t\t\t\n\t\t\t\t\t\t                            <div class=\"c-wysiwyg\">\n\t\t\t\t\t\t\t\t<p>Krajobraz dzia\u0142alno\u015bci przedsi\u0119biorstw energetycznych si\u0119 zmienia, a nowe regulacje k\u0142ad\u0105 nacisk na przejrzysto\u015b\u0107 np. w planowaniu rozwoju sieci. Pomagamy Ci tworzy\u0107 szczeg\u00f3\u0142owe i przejrzyste plany rozwoju sieci, zwi\u0119kszaj\u0105c zaufanie interesariuszy oraz zgodno\u015b\u0107 z przepisami.<\/p>\n                            <\/div>\n\t\t\t\t\t\t\n\t\t\t\t\t\t                    <\/div>\n\t\t\t\t            <\/div>\n\n        <\/div>\n    <\/section>\n\n\n\n<div class=\"acf-spacer h-[0px] md:h-[40px] xl:h-[40px]\"><\/div>\n\n\n\n\t\n    <section class=\"acf-reverse-content bg-white\" >\n        <div class=\"container\">\n\n            <div class=\"acf-reverse-content__grid md:flex-row-reverse\">\n\n                <div class=\"acf-reverse-content__item-media\">\n\t\t\t\t\t<img decoding=\"async\" width=\"583\" height=\"307\" src=\"https:\/\/utiligize.com\/wp-content\/uploads\/2023\/09\/logo.svg\" class=\"attachment-medium_large size-medium_large\" alt=\"\" loading=\"lazy\" \/>\n\t\t\t\t\t\n\t\t\t\t\t                <\/div>\n\n\t\t\t\t\t\t\t\t\t                    <div class=\"acf-reverse-content__item-text\">\n\n\t\t\t\t\t\t                            <h3 class=\"c-title c-title--violet c-title--left\">\n\t\t\t\t\t\t\t\tWidzisz wi\u0119cej                            <\/h3>\n\t\t\t\t\t\t\n\t\t\t\t\t\t\n\t\t\t\t\t\t                            <div class=\"c-wysiwyg\">\n\t\t\t\t\t\t\t\t<p>Modu\u0142 Prognozy i Inwestycji Utiligize nie ogranicza si\u0119 do planowania inwestycji. Dostarcza Ci kompleksowy i wizualny przegl\u0105d Twojej sieci energetycznej. \u0141atwo zidentyfikuj nieregularno\u015bci napi\u0119cia i przeci\u0105\u017cenia zar\u00f3wno obecnie, jak i w przysz\u0142o\u015bci, co umo\u017cliwia szybk\u0105 reakcj\u0119. Ponadto nasz modu\u0142 pozwala wykrywa\u0107 klient\u00f3w, kt\u00f3rzy mog\u0105 nie przestrzega\u0107 limit\u00f3w, wspiera obliczenia N-1 dla zapewnienia niezawodno\u015bci systemu oraz pokazuje wolne moce.<\/p>\n<p>&nbsp;<\/p>\n<p><strong>R\u00f3wnowa\u017cenie koszt\u00f3w i niezawodno\u015bci<\/strong><\/p>\n<p>Wraz z rozwojem energetyki rozproszonej r\u00f3wnowa\u017cenie koszt\u00f3w i niezawodno\u015bci systemu staje si\u0119 coraz bardziej skomplikowane. Utiligize upraszcza to wyzwanie. Nasz modu\u0142 Prognozy i Inwestycji optymalizuje Twoje inwestycje, identyfikuje zat\u0142oczone obszary sieci i sugeruje, gdzie i kiedy warto inwestowa\u0107. Wszystko to na podstawie prognozowanych scenariuszy symuluj\u0105cych przysz\u0142e obci\u0105\u017cenia z r\u00f3\u017cnymi rozproszonymi zasobami energii.<\/p>\n                            <\/div>\n\t\t\t\t\t\t\n\t\t\t\t\t\t                    <\/div>\n\t\t\t\t            <\/div>\n\n        <\/div>\n    <\/section>\n\n\n\n<div class=\"acf-spacer h-[0px] md:h-[40px] xl:h-[40px]\"><\/div>\n","protected":false},"excerpt":{"rendered":"","protected":false},"author":2,"featured_media":0,"parent":0,"menu_order":0,"comment_status":"closed","ping_status":"closed","template":"","meta":{"_acf_changed":false,"footnotes":""},"class_list":["post-3383","page","type-page","status-publish","hentry"],"acf":[],"yoast_head":"<title>Prognozy i inwestycje - Utiligize<\/title>\n<meta name=\"robots\" content=\"index, follow, max-snippet:-1, max-image-preview:large, max-video-preview:-1\" \/>\n<link rel=\"canonical\" href=\"https:\/\/utiligize.com\/pl\/planowanie-inwestycji-sieciowych\/\" \/>\n<meta property=\"og:locale\" content=\"pl_PL\" \/>\n<meta property=\"og:type\" content=\"article\" \/>\n<meta property=\"og:title\" content=\"Prognozy i inwestycje - Utiligize\" \/>\n<meta property=\"og:url\" content=\"https:\/\/utiligize.com\/pl\/planowanie-inwestycji-sieciowych\/\" \/>\n<meta property=\"og:site_name\" content=\"Utiligize\" \/>\n<meta property=\"article:modified_time\" content=\"2025-11-19T20:01:09+00:00\" \/>\n<meta name=\"twitter:card\" content=\"summary_large_image\" \/>\n<script type=\"application\/ld+json\" class=\"yoast-schema-graph\">{\"@context\":\"https:\/\/schema.org\",\"@graph\":[{\"@type\":\"WebPage\",\"@id\":\"https:\/\/utiligize.com\/pl\/planowanie-inwestycji-sieciowych\/\",\"url\":\"https:\/\/utiligize.com\/pl\/planowanie-inwestycji-sieciowych\/\",\"name\":\"Prognozy i inwestycje - Utiligize\",\"isPartOf\":{\"@id\":\"https:\/\/utiligize.com\/pl\/#website\"},\"datePublished\":\"2023-08-28T08:21:10+00:00\",\"dateModified\":\"2025-11-19T20:01:09+00:00\",\"breadcrumb\":{\"@id\":\"https:\/\/utiligize.com\/pl\/planowanie-inwestycji-sieciowych\/#breadcrumb\"},\"inLanguage\":\"pl-PL\",\"potentialAction\":[{\"@type\":\"ReadAction\",\"target\":[\"https:\/\/utiligize.com\/pl\/planowanie-inwestycji-sieciowych\/\"]}]},{\"@type\":\"BreadcrumbList\",\"@id\":\"https:\/\/utiligize.com\/pl\/planowanie-inwestycji-sieciowych\/#breadcrumb\",\"itemListElement\":[{\"@type\":\"ListItem\",\"position\":1,\"name\":\"Home\",\"item\":\"https:\/\/utiligize.com\/pl\/\"},{\"@type\":\"ListItem\",\"position\":2,\"name\":\"Prognozy i inwestycje\"}]},{\"@type\":\"WebSite\",\"@id\":\"https:\/\/utiligize.com\/pl\/#website\",\"url\":\"https:\/\/utiligize.com\/pl\/\",\"name\":\"Utiligize\",\"description\":\"for powerful decisions\",\"potentialAction\":[{\"@type\":\"SearchAction\",\"target\":{\"@type\":\"EntryPoint\",\"urlTemplate\":\"https:\/\/utiligize.com\/pl\/?s={search_term_string}\"},\"query-input\":{\"@type\":\"PropertyValueSpecification\",\"valueRequired\":true,\"valueName\":\"search_term_string\"}}],\"inLanguage\":\"pl-PL\"}]}<\/script>","yoast_head_json":{"title":"Prognozy i inwestycje - Utiligize","robots":{"index":"index","follow":"follow","max-snippet":"max-snippet:-1","max-image-preview":"max-image-preview:large","max-video-preview":"max-video-preview:-1"},"canonical":"https:\/\/utiligize.com\/pl\/planowanie-inwestycji-sieciowych\/","og_locale":"pl_PL","og_type":"article","og_title":"Prognozy i inwestycje - Utiligize","og_url":"https:\/\/utiligize.com\/pl\/planowanie-inwestycji-sieciowych\/","og_site_name":"Utiligize","article_modified_time":"2025-11-19T20:01:09+00:00","twitter_card":"summary_large_image","schema":{"@context":"https:\/\/schema.org","@graph":[{"@type":"WebPage","@id":"https:\/\/utiligize.com\/pl\/planowanie-inwestycji-sieciowych\/","url":"https:\/\/utiligize.com\/pl\/planowanie-inwestycji-sieciowych\/","name":"Prognozy i inwestycje - Utiligize","isPartOf":{"@id":"https:\/\/utiligize.com\/pl\/#website"},"datePublished":"2023-08-28T08:21:10+00:00","dateModified":"2025-11-19T20:01:09+00:00","breadcrumb":{"@id":"https:\/\/utiligize.com\/pl\/planowanie-inwestycji-sieciowych\/#breadcrumb"},"inLanguage":"pl-PL","potentialAction":[{"@type":"ReadAction","target":["https:\/\/utiligize.com\/pl\/planowanie-inwestycji-sieciowych\/"]}]},{"@type":"BreadcrumbList","@id":"https:\/\/utiligize.com\/pl\/planowanie-inwestycji-sieciowych\/#breadcrumb","itemListElement":[{"@type":"ListItem","position":1,"name":"Home","item":"https:\/\/utiligize.com\/pl\/"},{"@type":"ListItem","position":2,"name":"Prognozy i inwestycje"}]},{"@type":"WebSite","@id":"https:\/\/utiligize.com\/pl\/#website","url":"https:\/\/utiligize.com\/pl\/","name":"Utiligize","description":"for powerful decisions","potentialAction":[{"@type":"SearchAction","target":{"@type":"EntryPoint","urlTemplate":"https:\/\/utiligize.com\/pl\/?s={search_term_string}"},"query-input":{"@type":"PropertyValueSpecification","valueRequired":true,"valueName":"search_term_string"}}],"inLanguage":"pl-PL"}]}},"_links":{"self":[{"href":"https:\/\/utiligize.com\/pl\/wp-json\/wp\/v2\/pages\/3383","targetHints":{"allow":["GET"]}}],"collection":[{"href":"https:\/\/utiligize.com\/pl\/wp-json\/wp\/v2\/pages"}],"about":[{"href":"https:\/\/utiligize.com\/pl\/wp-json\/wp\/v2\/types\/page"}],"author":[{"embeddable":true,"href":"https:\/\/utiligize.com\/pl\/wp-json\/wp\/v2\/users\/2"}],"replies":[{"embeddable":true,"href":"https:\/\/utiligize.com\/pl\/wp-json\/wp\/v2\/comments?post=3383"}],"version-history":[{"count":8,"href":"https:\/\/utiligize.com\/pl\/wp-json\/wp\/v2\/pages\/3383\/revisions"}],"predecessor-version":[{"id":3564,"href":"https:\/\/utiligize.com\/pl\/wp-json\/wp\/v2\/pages\/3383\/revisions\/3564"}],"wp:attachment":[{"href":"https:\/\/utiligize.com\/pl\/wp-json\/wp\/v2\/media?parent=3383"}],"curies":[{"name":"wp","href":"https:\/\/api.w.org\/{rel}","templated":true}]}}