{"id":3517,"date":"2024-10-03T14:04:13","date_gmt":"2024-10-03T13:04:13","guid":{"rendered":"https:\/\/utiligize.com\/?page_id=3517"},"modified":"2025-11-19T20:40:12","modified_gmt":"2025-11-19T19:40:12","slug":"utrzymanie-planowanie","status":"publish","type":"page","link":"https:\/\/utiligize.com\/pl\/video\/utrzymanie-planowanie\/","title":{"rendered":"Utrzymanie i planowanie"},"content":{"rendered":"\n    <section class=\"acf-hero-simple\" >\n        <div class=\"acf-hero-simple__bg\">\n\t\t\t<img loading=\"lazy\" decoding=\"async\" width=\"6912\" height=\"3456\" src=\"https:\/\/utiligize.com\/wp-content\/uploads\/2024\/04\/Untitled-design-7.png\" class=\"attachment-full size-full\" alt=\"\" srcset=\"https:\/\/utiligize.com\/wp-content\/uploads\/2024\/04\/Untitled-design-7.png 6912w, https:\/\/utiligize.com\/wp-content\/uploads\/2024\/04\/Untitled-design-7-300x150.png 300w, https:\/\/utiligize.com\/wp-content\/uploads\/2024\/04\/Untitled-design-7-1024x512.png 1024w, https:\/\/utiligize.com\/wp-content\/uploads\/2024\/04\/Untitled-design-7-768x384.png 768w, https:\/\/utiligize.com\/wp-content\/uploads\/2024\/04\/Untitled-design-7-1536x768.png 1536w, https:\/\/utiligize.com\/wp-content\/uploads\/2024\/04\/Untitled-design-7-2048x1024.png 2048w\" sizes=\"auto, (max-width: 6912px) 100vw, 6912px\" \/>        <\/div>\n\n        <div class=\"container\">\n            <h2 class=\"acf-hero-simple__title\">\n\t\t\t\tUtrzymanie i planowanie            <\/h2>\n        <\/div>\n    <\/section>\n\n\n\n    <section class=\"acf-text-block bg-yellow-200\"  >\n        <div class=\"container\">\n            <div class=\"acf-text-block__content\">\n\t\t\t\t                    <h3 class=\"acf-text-block__title\"> Filmy o module Utrzymanie i planowanie <\/h3>\n\t\t\t\t\t\t\t\t                    <p class=\"acf-text-block__subtitle\">\n\t\t\t\t\t\tPoznaj mo\u017cliwo\u015bci naszego systemu!                    <\/p>\n\t\t\t\t\t\t\t\t                    <div class=\"c-wysiwyg\">\n\t\t\t\t\t\t<p data-path-to-node=\"2\"><b>Przedstawiamy nasze filmy o funkcjonalno\u015bciach: Poznaj g\u0142\u0119bi\u0119 naszego rozwi\u0105zania<\/b><\/p>\n<p data-path-to-node=\"3\">Witamy w sekcji \u201eWideo\u201d, w kt\u00f3rej mo\u017cesz szczeg\u00f3\u0142owo zapozna\u0107 si\u0119 z funkcjami i korzy\u015bciami p\u0142yn\u0105cymi z naszego rozwi\u0105zania. Ka\u017cdy materia\u0142 zosta\u0142 przygotowany tak, aby w jasny i zwi\u0119z\u0142y spos\u00f3b przedstawi\u0107, jak nasze narz\u0119dzia i us\u0142ugi mog\u0105 usprawni\u0107 Twoj\u0105 prac\u0119 i odpowiedzie\u0107 na Twoje konkretne potrzeby. Filmy prezentuj\u0105 innowacyjne funkcjonalno\u015bci naszego oprogramowania, stworzone z my\u015bl\u0105 o przystosowaniu sieci elektroenergetycznych do zielonej transformacji oraz cyfryzacji pracy OSD.<\/p>\n<p data-path-to-node=\"4\">Zapoznaj si\u0119 z nasz\u0105 obszern\u0105 seri\u0105 wideo, kt\u00f3ra przybli\u017ca unikalne cechy naszych rozwi\u0105za\u0144 \u2013 prosto od \u017ar\u00f3d\u0142a, czyli od cz\u0142onk\u00f3w naszego zespo\u0142u. Odkryj relacje z pierwszej r\u0119ki i demonstracje pokazuj\u0105ce, jak nasze systemy nieustannie pracuj\u0105 na rzecz redukcji koszt\u00f3w i zwi\u0119kszenia niezawodno\u015bci Twojej dzia\u0142alno\u015bci.<\/p>\n                    <\/div>\n\t\t\t\t\t\t\t\t            <\/div>\n        <\/div>\n    <\/section>\n\n\n\n\t\n    <section class=\"acf-reverse-content bg-white\" >\n        <div class=\"container\">\n\n            <div class=\"acf-reverse-content__grid md:flex-row-reverse\">\n\n                <div class=\"acf-reverse-content__item-media\">\n\t\t\t\t\t\n\t\t\t\t\t                        <video playsinline controls>\n                            <source src=\"https:\/\/utiligize.com\/wp-content\/uploads\/2024\/10\/Maintenance-Planning-intro-1.mp4\"\n                                    type=\"video\/mp4\">\n                        <\/video>\n\t\t\t\t\t\n\t\t\t\t\t                <\/div>\n\n\t\t\t\t\t\t\t\t\t                    <div class=\"acf-reverse-content__item-text\">\n\n\t\t\t\t\t\t                            <h3 class=\"c-title c-title--orange c-title--left\">\n\t\t\t\t\t\t\t\tWprowadzenie do modu\u0142u Utrzymanie i planowanie                            <\/h3>\n\t\t\t\t\t\t\n\t\t\t\t\t\t\n\t\t\t\t\t\t                            <div class=\"c-wysiwyg\">\n\t\t\t\t\t\t\t\t<p data-path-to-node=\"2\"><b>Odkryj, jak nasz Modu\u0142 Utrzymanie i Planowanie mo\u017ce odmieni\u0107 procesy zarz\u0105dzania maj\u0105tkiem w Twojej Organizacji.<\/b><\/p>\n<p data-path-to-node=\"3\">Zaprojektowane ze szczeg\u00f3lnym uwzgl\u0119dnieniem wsparcia dla zespo\u0142\u00f3w terenowych \u2013 takich jak technicy, elektromonterzy i kierownicy projekt\u00f3w \u2013 to intuicyjne narz\u0119dzie umo\u017cliwia sprawne rejestrowanie przegl\u0105d\u00f3w, napraw, uwag eksploatacyjnych i innych zdarze\u0144.<\/p>\n<p data-path-to-node=\"4\">Dzi\u0119ki cyfryzacji proces\u00f3w utrzymania maj\u0105tku, nasz modu\u0142 poprawia jako\u015b\u0107 danych, identyfikuje potrzeby remontowe i minimalizuje koszty operacyjne. Umo\u017cliwia on planistom sieci efektywne ustalanie priorytet\u00f3w i planowanie zada\u0144, co pozwala utrzyma\u0107 maj\u0105tek w optymalnym stanie technicznym i wspiera\u0107 zr\u00f3wnowa\u017con\u0105 przysz\u0142o\u015b\u0107 energetyczn\u0105.<\/p>\n<p data-path-to-node=\"5\">Obejrzyj wideo, aby zobaczy\u0107, jak nasz Modu\u0142 Utrzymania i Planowania usprawnia dzia\u0142ania eksploatacyjne i zwi\u0119ksza niezawodno\u015b\u0107 sieci.<\/p>\n                            <\/div>\n\t\t\t\t\t\t\n\t\t\t\t\t\t                    <\/div>\n\t\t\t\t            <\/div>\n\n        <\/div>\n    <\/section>\n\n\n\n\t\n    <section class=\"acf-reverse-content bg-white\" >\n        <div class=\"container\">\n\n            <div class=\"acf-reverse-content__grid md:flex-row\">\n\n                <div class=\"acf-reverse-content__item-media\">\n\t\t\t\t\t\n\t\t\t\t\t                        <video playsinline controls>\n                            <source src=\"https:\/\/utiligize.com\/wp-content\/uploads\/2024\/10\/Meter-replacement_-2.mp4\"\n                                    type=\"video\/mp4\">\n                        <\/video>\n\t\t\t\t\t\n\t\t\t\t\t                <\/div>\n\n\t\t\t\t\t\t\t\t\t                    <div class=\"acf-reverse-content__item-text\">\n\n\t\t\t\t\t\t                            <h3 class=\"c-title c-title--orange c-title--right\">\n\t\t\t\t\t\t\t\tWymiana licznik\u00f3w                            <\/h3>\n\t\t\t\t\t\t\n\t\t\t\t\t\t\n\t\t\t\t\t\t                            <div class=\"c-wysiwyg\">\n\t\t\t\t\t\t\t\t<p data-path-to-node=\"2\"><b>Odkryj, jak nasza aplikacja Utrzymanie i planowanie mo\u017ce usprawni\u0107 proces wymiany licznik\u00f3w inteligentnych.<\/b><\/p>\n<p data-path-to-node=\"3\">Zaprojektowana z my\u015bl\u0105 o wsparciu zespo\u0142\u00f3w terenowych \u2013 technik\u00f3w i kierownik\u00f3w projekt\u00f3w \u2013 to intuicyjne narz\u0119dzie upraszcza ka\u017cdy etap prac: od planowania i harmonogramowania, a\u017c po realizacj\u0119 w terenie.<\/p>\n<p data-path-to-node=\"4\">Dzi\u0119ki cyfryzacji procesu wymiany licznik\u00f3w, aplikacja zapewnia dost\u0119p do danych w czasie rzeczywistym, precyzyjn\u0105 lokalizacj\u0119 GPS oraz p\u0142ynne zarz\u0105dzanie zadaniami, co pozwala utrzyma\u0107 wysok\u0105 efektywno\u015b\u0107 operacyjn\u0105 i zminimalizowa\u0107 przestoje. Konfigurowalne obiegi zada\u0144 (workflows) oraz obs\u0142uga system\u00f3w mobilnych (iOS i Android) pozwalaj\u0105 zespo\u0142om dzia\u0142a\u0107 zgodnie z planem i zwi\u0119ksza\u0107 produktywno\u015b\u0107.<\/p>\n<p data-path-to-node=\"5\">Obejrzyj wideo, aby zobaczy\u0107, jak nasza aplikacja optymalizuje wymian\u0119 licznik\u00f3w inteligentnych i podnosi efektywno\u015b\u0107 operacyjn\u0105.<\/p>\n                            <\/div>\n\t\t\t\t\t\t\n\t\t\t\t\t\t                    <\/div>\n\t\t\t\t            <\/div>\n\n        <\/div>\n    <\/section>\n\n\n\n\t\n    <section class=\"acf-reverse-content bg-white\" >\n        <div class=\"container\">\n\n            <div class=\"acf-reverse-content__grid md:flex-row-reverse\">\n\n                <div class=\"acf-reverse-content__item-media\">\n\t\t\t\t\t\n\t\t\t\t\t                        <video playsinline controls>\n                            <source src=\"https:\/\/utiligize.com\/wp-content\/uploads\/2024\/10\/Condition-assessment_-VEED.mp4\"\n                                    type=\"video\/mp4\">\n                        <\/video>\n\t\t\t\t\t\n\t\t\t\t\t                <\/div>\n\n\t\t\t\t\t\t\t\t\t                    <div class=\"acf-reverse-content__item-text\">\n\n\t\t\t\t\t\t                            <h3 class=\"c-title c-title--orange c-title--left\">\n\t\t\t\t\t\t\t\tOcena kondycji zasob\u00f3w                            <\/h3>\n\t\t\t\t\t\t\n\t\t\t\t\t\t\n\t\t\t\t\t\t                            <div class=\"c-wysiwyg\">\n\t\t\t\t\t\t\t\t<p data-path-to-node=\"2\"><b>Jak nasza aplikacja usprawnia ocen\u0119 stanu technicznego element\u00f3w sieci elektroenergetycznej?<\/b><\/p>\n<p data-path-to-node=\"3\">Wspieraj\u0105c zespo\u0142y terenowe \u2013 od technik\u00f3w po kierownik\u00f3w projekt\u00f3w \u2013 to intuicyjne narz\u0119dzie zapewnia sp\u00f3jno\u015b\u0107 i precyzj\u0119 ocen dzi\u0119ki zastosowaniu standardu CNAIM.<\/p>\n<p data-path-to-node=\"4\">Dzi\u0119ki dost\u0119powi do danych w czasie rzeczywistym oraz pe\u0142nej obs\u0142udze system\u00f3w iOS i Android, aplikacja pomaga monitorowa\u0107 kondycj\u0119 maj\u0105tku, zapobiega\u0107 awariom i wyd\u0142u\u017ca\u0107 czas eksploatacji urz\u0105dze\u0144.<\/p>\n<p data-path-to-node=\"5\">Obejrzyj wideo, aby zobaczy\u0107, jak nasza aplikacja udoskonala proces oceny stanu technicznego i wzmacnia planowanie utrzymania sieci.<\/p>\n                            <\/div>\n\t\t\t\t\t\t\n\t\t\t\t\t\t                    <\/div>\n\t\t\t\t            <\/div>\n\n        <\/div>\n    <\/section>\n\n\n\n\t\n    <section class=\"acf-reverse-content bg-white\" >\n        <div class=\"container\">\n\n            <div class=\"acf-reverse-content__grid md:flex-row\">\n\n                <div class=\"acf-reverse-content__item-media\">\n\t\t\t\t\t\n\t\t\t\t\t                        <video playsinline controls>\n                            <source src=\"https:\/\/utiligize.com\/wp-content\/uploads\/2024\/10\/Maintenance-statistics-VEED.mp4\"\n                                    type=\"video\/mp4\">\n                        <\/video>\n\t\t\t\t\t\n\t\t\t\t\t                <\/div>\n\n\t\t\t\t\t\t\t\t\t                    <div class=\"acf-reverse-content__item-text\">\n\n\t\t\t\t\t\t                            <h3 class=\"c-title c-title--orange c-title--right\">\n\t\t\t\t\t\t\t\tStatystyki prac na sieci                            <\/h3>\n\t\t\t\t\t\t\n\t\t\t\t\t\t\n\t\t\t\t\t\t                            <div class=\"c-wysiwyg\">\n\t\t\t\t\t\t\t\t<p data-path-to-node=\"2\"><b>Odkryj, jak nasze rozwi\u0105zanie dostarcza kluczowych danych analitycznych, pozwalaj\u0105cych zoptymalizowa\u0107 procesy utrzymania sieci.<\/b><\/p>\n<p data-path-to-node=\"3\">To oparte na danych narz\u0119dzie, stworzone z my\u015bl\u0105 o operatorach sieci, pomaga zrozumie\u0107 struktur\u0119 czasu pracy po\u015bwi\u0119canego na czynno\u015bci eksploatacyjne, wskazuj\u0105c obszary, w kt\u00f3rych mo\u017cna poprawi\u0107 efektywno\u015b\u0107 i wydajno\u015b\u0107.<\/p>\n<p data-path-to-node=\"4\">Dzi\u0119ki \u0142atwemu dost\u0119powi do danych o stanie technicznym wszystkich element\u00f3w maj\u0105tku w ca\u0142ej sieci elektroenergetycznej, operatorzy mog\u0105 szybko oceni\u0107 kondycj\u0119 infrastruktury oraz zidentyfikowa\u0107 trendy awaryjno\u015bci charakterystyczne dla urz\u0105dze\u0144 r\u00f3\u017cnych producent\u00f3w. Wnioski te pomagaj\u0105 usprawnia\u0107 procesy, wspieraj\u0105 podejmowanie trafnych decyzji oraz zapewniaj\u0105 wy\u017csz\u0105 efektywno\u015b\u0107 i niezawodno\u015b\u0107 pracy sieci.<\/p>\n<p data-path-to-node=\"5\">Obejrzyj wideo, aby zobaczy\u0107, jak nasz Modu\u0142 Utrzymania i Planowania odmienia zarz\u0105dzanie eksploatacj\u0105 i wspiera zielon\u0105 transformacj\u0119.<\/p>\n                            <\/div>\n\t\t\t\t\t\t\n\t\t\t\t\t\t                    <\/div>\n\t\t\t\t            <\/div>\n\n        <\/div>\n    <\/section>\n\n\n\n\t\n    <section class=\"acf-reverse-content bg-white\" >\n        <div class=\"container\">\n\n            <div class=\"acf-reverse-content__grid md:flex-row-reverse\">\n\n                <div class=\"acf-reverse-content__item-media\">\n\t\t\t\t\t\n\t\t\t\t\t                        <video playsinline controls>\n                            <source src=\"https:\/\/utiligize.com\/wp-content\/uploads\/2024\/10\/Streamline-electrical-grid-maintenance.-\u2699\ufe0f-VEED-1.mp4\"\n                                    type=\"video\/mp4\">\n                        <\/video>\n\t\t\t\t\t\n\t\t\t\t\t                <\/div>\n\n\t\t\t\t\t\t\t\t\t                    <div class=\"acf-reverse-content__item-text\">\n\n\t\t\t\t\t\t                            <h3 class=\"c-title c-title--orange c-title--left\">\n\t\t\t\t\t\t\t\tUsprawnij utrzymanie sieci elektroenergetycznej                            <\/h3>\n\t\t\t\t\t\t\n\t\t\t\t\t\t\n\t\t\t\t\t\t                            <div class=\"c-wysiwyg\">\n\t\t\t\t\t\t\t\t<p data-path-to-node=\"3\">Odkryj, jak rozwi\u0105zanie od Utiligize wspiera przedsi\u0119biorstwa energetyczne w usprawnianiu proces\u00f3w utrzymania sieci. W tym materiale demo zobaczysz, jak automatyczne planowanie prac eksploatacyjnych upraszcza przegl\u0105dy maj\u0105tku i zapewnia optymalne funkcjonowanie ka\u017cdego elementu sieci.<\/p>\n<p data-path-to-node=\"4\">Dzi\u0119ki funkcjom takim jak ocena ryzyka oparta na metodyce CNAIM, elastyczne interwa\u0142y przegl\u0105d\u00f3w dostosowane do stanu technicznego oraz interaktywny podgl\u0105d mapy w czasie rzeczywistym, operatorzy mog\u0105 efektywnie planowa\u0107 i zarz\u0105dza\u0107 zadaniami w terenie. Narz\u0119dzie to pomaga redukowa\u0107 przestoje, zwi\u0119ksza\u0107 efektywno\u015b\u0107 prac terenowych oraz wyd\u0142u\u017ca\u0107 czas eksploatacji urz\u0105dze\u0144.<\/p>\n<p data-path-to-node=\"5\">Obejrzyj wideo, aby zobaczy\u0107, jak nasze rozwi\u0105zanie wzmacnia procesy eksploatacyjne i wspiera budow\u0119 odpornej, niezawodnej sieci.<\/p>\n                            <\/div>\n\t\t\t\t\t\t\n\t\t\t\t\t\t                    <\/div>\n\t\t\t\t            <\/div>\n\n        <\/div>\n    <\/section>\n","protected":false},"excerpt":{"rendered":"","protected":false},"author":11,"featured_media":0,"parent":3467,"menu_order":0,"comment_status":"closed","ping_status":"closed","template":"","meta":{"_acf_changed":false,"footnotes":""},"class_list":["post-3517","page","type-page","status-publish","hentry"],"acf":[],"yoast_head":"<title>Utrzymanie i planowanie - Utiligize<\/title>\n<meta name=\"robots\" content=\"index, follow, max-snippet:-1, max-image-preview:large, max-video-preview:-1\" \/>\n<link rel=\"canonical\" href=\"https:\/\/utiligize.com\/pl\/video\/utrzymanie-planowanie\/\" \/>\n<meta property=\"og:locale\" content=\"pl_PL\" \/>\n<meta property=\"og:type\" content=\"article\" \/>\n<meta property=\"og:title\" content=\"Utrzymanie i planowanie - Utiligize\" \/>\n<meta property=\"og:url\" content=\"https:\/\/utiligize.com\/pl\/video\/utrzymanie-planowanie\/\" \/>\n<meta property=\"og:site_name\" content=\"Utiligize\" \/>\n<meta property=\"article:modified_time\" content=\"2025-11-19T19:40:12+00:00\" \/>\n<meta name=\"twitter:card\" content=\"summary_large_image\" \/>\n<script type=\"application\/ld+json\" class=\"yoast-schema-graph\">{\"@context\":\"https:\/\/schema.org\",\"@graph\":[{\"@type\":\"WebPage\",\"@id\":\"https:\/\/utiligize.com\/pl\/video\/utrzymanie-planowanie\/\",\"url\":\"https:\/\/utiligize.com\/pl\/video\/utrzymanie-planowanie\/\",\"name\":\"Utrzymanie i planowanie - Utiligize\",\"isPartOf\":{\"@id\":\"https:\/\/utiligize.com\/pl\/#website\"},\"datePublished\":\"2024-10-03T13:04:13+00:00\",\"dateModified\":\"2025-11-19T19:40:12+00:00\",\"breadcrumb\":{\"@id\":\"https:\/\/utiligize.com\/pl\/video\/utrzymanie-planowanie\/#breadcrumb\"},\"inLanguage\":\"pl-PL\",\"potentialAction\":[{\"@type\":\"ReadAction\",\"target\":[\"https:\/\/utiligize.com\/pl\/video\/utrzymanie-planowanie\/\"]}]},{\"@type\":\"BreadcrumbList\",\"@id\":\"https:\/\/utiligize.com\/pl\/video\/utrzymanie-planowanie\/#breadcrumb\",\"itemListElement\":[{\"@type\":\"ListItem\",\"position\":1,\"name\":\"Home\",\"item\":\"https:\/\/utiligize.com\/pl\/\"},{\"@type\":\"ListItem\",\"position\":2,\"name\":\"Prognozy i inwestycje\",\"item\":\"https:\/\/utiligize.com\/pl\/video\/\"},{\"@type\":\"ListItem\",\"position\":3,\"name\":\"Utrzymanie i planowanie\"}]},{\"@type\":\"WebSite\",\"@id\":\"https:\/\/utiligize.com\/pl\/#website\",\"url\":\"https:\/\/utiligize.com\/pl\/\",\"name\":\"Utiligize\",\"description\":\"for powerful decisions\",\"potentialAction\":[{\"@type\":\"SearchAction\",\"target\":{\"@type\":\"EntryPoint\",\"urlTemplate\":\"https:\/\/utiligize.com\/pl\/?s={search_term_string}\"},\"query-input\":{\"@type\":\"PropertyValueSpecification\",\"valueRequired\":true,\"valueName\":\"search_term_string\"}}],\"inLanguage\":\"pl-PL\"}]}<\/script>","yoast_head_json":{"title":"Utrzymanie i planowanie - Utiligize","robots":{"index":"index","follow":"follow","max-snippet":"max-snippet:-1","max-image-preview":"max-image-preview:large","max-video-preview":"max-video-preview:-1"},"canonical":"https:\/\/utiligize.com\/pl\/video\/utrzymanie-planowanie\/","og_locale":"pl_PL","og_type":"article","og_title":"Utrzymanie i planowanie - Utiligize","og_url":"https:\/\/utiligize.com\/pl\/video\/utrzymanie-planowanie\/","og_site_name":"Utiligize","article_modified_time":"2025-11-19T19:40:12+00:00","twitter_card":"summary_large_image","schema":{"@context":"https:\/\/schema.org","@graph":[{"@type":"WebPage","@id":"https:\/\/utiligize.com\/pl\/video\/utrzymanie-planowanie\/","url":"https:\/\/utiligize.com\/pl\/video\/utrzymanie-planowanie\/","name":"Utrzymanie i planowanie - Utiligize","isPartOf":{"@id":"https:\/\/utiligize.com\/pl\/#website"},"datePublished":"2024-10-03T13:04:13+00:00","dateModified":"2025-11-19T19:40:12+00:00","breadcrumb":{"@id":"https:\/\/utiligize.com\/pl\/video\/utrzymanie-planowanie\/#breadcrumb"},"inLanguage":"pl-PL","potentialAction":[{"@type":"ReadAction","target":["https:\/\/utiligize.com\/pl\/video\/utrzymanie-planowanie\/"]}]},{"@type":"BreadcrumbList","@id":"https:\/\/utiligize.com\/pl\/video\/utrzymanie-planowanie\/#breadcrumb","itemListElement":[{"@type":"ListItem","position":1,"name":"Home","item":"https:\/\/utiligize.com\/pl\/"},{"@type":"ListItem","position":2,"name":"Prognozy i inwestycje","item":"https:\/\/utiligize.com\/pl\/video\/"},{"@type":"ListItem","position":3,"name":"Utrzymanie i planowanie"}]},{"@type":"WebSite","@id":"https:\/\/utiligize.com\/pl\/#website","url":"https:\/\/utiligize.com\/pl\/","name":"Utiligize","description":"for powerful decisions","potentialAction":[{"@type":"SearchAction","target":{"@type":"EntryPoint","urlTemplate":"https:\/\/utiligize.com\/pl\/?s={search_term_string}"},"query-input":{"@type":"PropertyValueSpecification","valueRequired":true,"valueName":"search_term_string"}}],"inLanguage":"pl-PL"}]}},"_links":{"self":[{"href":"https:\/\/utiligize.com\/pl\/wp-json\/wp\/v2\/pages\/3517","targetHints":{"allow":["GET"]}}],"collection":[{"href":"https:\/\/utiligize.com\/pl\/wp-json\/wp\/v2\/pages"}],"about":[{"href":"https:\/\/utiligize.com\/pl\/wp-json\/wp\/v2\/types\/page"}],"author":[{"embeddable":true,"href":"https:\/\/utiligize.com\/pl\/wp-json\/wp\/v2\/users\/11"}],"replies":[{"embeddable":true,"href":"https:\/\/utiligize.com\/pl\/wp-json\/wp\/v2\/comments?post=3517"}],"version-history":[{"count":8,"href":"https:\/\/utiligize.com\/pl\/wp-json\/wp\/v2\/pages\/3517\/revisions"}],"predecessor-version":[{"id":3540,"href":"https:\/\/utiligize.com\/pl\/wp-json\/wp\/v2\/pages\/3517\/revisions\/3540"}],"up":[{"embeddable":true,"href":"https:\/\/utiligize.com\/pl\/wp-json\/wp\/v2\/pages\/3467"}],"wp:attachment":[{"href":"https:\/\/utiligize.com\/pl\/wp-json\/wp\/v2\/media?parent=3517"}],"curies":[{"name":"wp","href":"https:\/\/api.w.org\/{rel}","templated":true}]}}