{"id":3544,"date":"2023-08-28T09:21:33","date_gmt":"2023-08-28T08:21:33","guid":{"rendered":"https:\/\/utiligize.com\/?page_id=3544"},"modified":"2025-11-19T21:00:13","modified_gmt":"2025-11-19T20:00:13","slug":"utrzymanie-i-planowanie","status":"publish","type":"page","link":"https:\/\/utiligize.com\/pl\/utrzymanie-i-planowanie\/","title":{"rendered":"Utrzymanie i planowanie"},"content":{"rendered":"\n    <section class=\"acf-hero-simple\" >\n        <div class=\"acf-hero-simple__bg\">\n\t\t\t<img loading=\"lazy\" decoding=\"async\" width=\"1364\" height=\"451\" src=\"https:\/\/utiligize.com\/wp-content\/uploads\/2023\/09\/maintenance-and-planning-hero.jpg\" class=\"attachment-full size-full\" alt=\"\" srcset=\"https:\/\/utiligize.com\/wp-content\/uploads\/2023\/09\/maintenance-and-planning-hero.jpg 1364w, https:\/\/utiligize.com\/wp-content\/uploads\/2023\/09\/maintenance-and-planning-hero-300x99.jpg 300w, https:\/\/utiligize.com\/wp-content\/uploads\/2023\/09\/maintenance-and-planning-hero-1024x339.jpg 1024w, https:\/\/utiligize.com\/wp-content\/uploads\/2023\/09\/maintenance-and-planning-hero-768x254.jpg 768w\" sizes=\"auto, (max-width: 1364px) 100vw, 1364px\" \/>        <\/div>\n\n        <div class=\"container\">\n            <h2 class=\"acf-hero-simple__title\">\n\t\t\t\tUtrzymanie majatku sieciowego            <\/h2>\n        <\/div>\n    <\/section>\n\n\n\n<div class=\"acf-spacer h-[0px] md:h-[40px] xl:h-[40px]\"><\/div>\n\n\n\n    <section class=\"acf-text-block bg-white\"  >\n        <div class=\"container\">\n            <div class=\"acf-text-block__content\">\n\t\t\t\t                    <h3 class=\"acf-text-block__title\"> Lepsze zarz\u0105dzania aktywami <br>Poprzez popraw\u0119 jako\u015bci danych <\/h3>\n\t\t\t\t\t\t\t\t\t\t\t\t                    <div class=\"c-wysiwyg\">\n\t\t\t\t\t\t<p>W obszarze zarz\u0105dzania aktywami jako\u015b\u0107 danych stanowi fundament. Zar\u00f3wno dla spe\u0142nienia wymog\u00f3w regulacyjnych, jak i dla precyzyjnej analizy, poprawa jako\u015bci danych jest kluczowa. Nie chodzi tylko o zbieranie danych, lecz o zbieranie w\u0142a\u015bciwych danych. W Utiligize wiemy, \u017ce dane s\u0105 kluczem do efektywnego dzia\u0142ania i podejmowania rozs\u0105dnych, d\u0142ugoterminowych decyzji.<\/p>\n<p>&#8222;Utrzymanie i planowanie&#8221; opracowane przez ekspert\u00f3w ds. zarz\u0105dzania sieci\u0105 i aktywami zosta\u0142o starannie dopasowane do specyficznych potrzeb i wymaga\u0144 operator\u00f3w sieci dystrybucyjnych (OSD) w ca\u0142ej Europie. Jednak rozumiemy, \u017ce ka\u017cda sie\u0107 jest wyj\u0105tkowa.<\/p>\n                    <\/div>\n\t\t\t\t\t\t\t\t            <\/div>\n        <\/div>\n    <\/section>\n\n\n\n<div class=\"acf-spacer h-[0px] md:h-[40px] xl:h-[40px]\"><\/div>\n\n\n\n    <section class=\"acf-features\" >\n\t\t            <div class=\"acf-features__bg-image\">\n\t\t\t\t<img loading=\"lazy\" decoding=\"async\" width=\"1366\" height=\"768\" src=\"https:\/\/utiligize.com\/wp-content\/uploads\/2023\/09\/maintenance-and-planning-key-features.jpg\" class=\"attachment-full size-full\" alt=\"\" srcset=\"https:\/\/utiligize.com\/wp-content\/uploads\/2023\/09\/maintenance-and-planning-key-features.jpg 1366w, https:\/\/utiligize.com\/wp-content\/uploads\/2023\/09\/maintenance-and-planning-key-features-300x169.jpg 300w, https:\/\/utiligize.com\/wp-content\/uploads\/2023\/09\/maintenance-and-planning-key-features-1024x576.jpg 1024w, https:\/\/utiligize.com\/wp-content\/uploads\/2023\/09\/maintenance-and-planning-key-features-768x432.jpg 768w\" sizes=\"auto, (max-width: 1366px) 100vw, 1366px\" \/>            <\/div>\n\t\t\n\t\t            <div class=\"container\">\n                <h3 class=\"c-title c-title--violet c-title--right\">\n\t\t\t\t\tKluczowe funkcje                <\/h3>\n            <\/div>\n\t\t\n\t\t            <div class=\"acf-features__list-content\">\n                <div class=\"container\">\n                    <div class=\"acf-features__list-items\">\n\t\t\t\t\t\t                            <div class=\"acf-features__list-item\">\n\n\t\t\t\t\t\t\t\t<img loading=\"lazy\" decoding=\"async\" width=\"67\" height=\"67\" src=\"https:\/\/utiligize.com\/wp-content\/uploads\/2023\/09\/feature_7.svg\" class=\"attachment-full size-full\" alt=\"\" \/>                                    <div>Zbieraj i dokumentuj w\u0142a\u015bciwe informacje o aktywach dla zgodno\u015bci z przepisami oraz precyzyjnej analizy.<\/div>\n\t\t\t\t\t\t\t\t\n                            <\/div>\n\t\t\t\t\t\t                            <div class=\"acf-features__list-item\">\n\n\t\t\t\t\t\t\t\t<img loading=\"lazy\" decoding=\"async\" width=\"54\" height=\"67\" src=\"https:\/\/utiligize.com\/wp-content\/uploads\/2023\/09\/feature_8.svg\" class=\"attachment-full size-full\" alt=\"\" \/>                                    <div>Aplikacja do zada\u0144 konserwacyjnych, inspekcji, instrukcji online, oceny stanu aktyw\u00f3w wed\u0142ug standard\u00f3w bran\u017cowych.<\/div>\n\t\t\t\t\t\t\t\t\n                            <\/div>\n\t\t\t\t\t\t                            <div class=\"acf-features__list-item\">\n\n\t\t\t\t\t\t\t\t<img loading=\"lazy\" decoding=\"async\" width=\"72\" height=\"72\" src=\"https:\/\/utiligize.com\/wp-content\/uploads\/2023\/09\/feature_9.svg\" class=\"attachment-full size-full\" alt=\"\" \/>                                    <div>Zarz\u0105dzaj projektami i zasobami z p\u0142ynn\u0105 integracj\u0105 danych do rozwi\u0105za\u0144 ERP.<\/div>\n\t\t\t\t\t\t\t\t\n                            <\/div>\n\t\t\t\t\t\t                    <\/div>\n                <\/div>\n            <\/div>\n\t\t    <\/section>\n\n\n\n<div class=\"acf-spacer h-[0px] md:h-[40px] xl:h-[50px]\"><\/div>\n\n\n\n\t\n    <section class=\"acf-reverse-content bg-white\" >\n        <div class=\"container\">\n\n            <div class=\"acf-reverse-content__grid md:flex-row-reverse\">\n\n                <div class=\"acf-reverse-content__item-media\">\n\t\t\t\t\t<img decoding=\"async\" width=\"768\" height=\"432\" src=\"https:\/\/utiligize.com\/wp-content\/uploads\/2023\/09\/features-bg-768x432.jpg\" class=\"attachment-medium_large size-medium_large\" alt=\"\" loading=\"lazy\" srcset=\"https:\/\/utiligize.com\/wp-content\/uploads\/2023\/09\/features-bg-768x432.jpg 768w, https:\/\/utiligize.com\/wp-content\/uploads\/2023\/09\/features-bg-300x169.jpg 300w, https:\/\/utiligize.com\/wp-content\/uploads\/2023\/09\/features-bg-1024x576.jpg 1024w, https:\/\/utiligize.com\/wp-content\/uploads\/2023\/09\/features-bg.jpg 1366w\" sizes=\"auto, (max-width: 768px) 100vw, 768px\" \/>\n\t\t\t\t\t\n\t\t\t\t\t                <\/div>\n\n\t\t\t\t\t\t\t\t\t                    <div class=\"acf-reverse-content__item-text\">\n\n\t\t\t\t\t\t                            <h3 class=\"c-title c-title--violet c-title--left\">\n\t\t\t\t\t\t\t\tZgodno\u015b\u0107 z ISO i DS\/EN                            <\/h3>\n\t\t\t\t\t\t\n\t\t\t\t\t\t\n\t\t\t\t\t\t                            <div class=\"c-wysiwyg\">\n\t\t\t\t\t\t\t\t<p>Nasz modu\u0142 Utrzymanie i planowanie jest w pe\u0142ni zgodny ze standardami bran\u017cowymi. Jeste\u015bmy dumni, \u017ce wspieramy normy DS\/EN 13306 oraz ISO 90001. DS\/EN 13306 koncentruje si\u0119 na utrzymaniu, natomiast ISO 9000 i ISO 9001 dotycz\u0105 system\u00f3w zarz\u0105dzania jako\u015bci\u0105, kt\u00f3re gwarantuj\u0105, \u017ce instalacje s\u0105 wykonywane i serwisowane zgodnie z prawem.<\/p>\n                            <\/div>\n\t\t\t\t\t\t\n\t\t\t\t\t\t                    <\/div>\n\t\t\t\t            <\/div>\n\n        <\/div>\n    <\/section>\n\n\n\n<div class=\"acf-spacer h-[0px] md:h-[40px] xl:h-[40px]\"><\/div>\n\n\n\n\t\n    <section class=\"acf-reverse-content bg-yellow-200\" >\n        <div class=\"container\">\n\n            <div class=\"acf-reverse-content__grid md:flex-row\">\n\n                <div class=\"acf-reverse-content__item-media\">\n\t\t\t\t\t<img decoding=\"async\" width=\"500\" height=\"500\" src=\"https:\/\/utiligize.com\/wp-content\/uploads\/2024\/11\/MP-nyt.png\" class=\"attachment-medium_large size-medium_large\" alt=\"\" loading=\"lazy\" srcset=\"https:\/\/utiligize.com\/wp-content\/uploads\/2024\/11\/MP-nyt.png 500w, https:\/\/utiligize.com\/wp-content\/uploads\/2024\/11\/MP-nyt-300x300.png 300w, https:\/\/utiligize.com\/wp-content\/uploads\/2024\/11\/MP-nyt-150x150.png 150w\" sizes=\"auto, (max-width: 500px) 100vw, 500px\" \/>\n\t\t\t\t\t\n\t\t\t\t\t                <\/div>\n\n\t\t\t\t\t\t\t\t\t                    <div class=\"acf-reverse-content__item-text\">\n\n\t\t\t\t\t\t                            <h3 class=\"c-title c-title--orange c-title--right\">\n\t\t\t\t\t\t\t\tWspomaganie pracy w terenie                            <\/h3>\n\t\t\t\t\t\t\n\t\t\t\t\t\t\n\t\t\t\t\t\t                            <div class=\"c-wysiwyg\">\n\t\t\t\t\t\t\t\t<p>Mobilna aplikacja Utiligize to narz\u0119dzie do efektywnej konserwacji, inspekcji i dokumentacji. Zaprojektowali\u015bmy j\u0105 tak, aby by\u0142a przyjazna dla u\u017cytkownika, dzi\u0119ki czemu technicy mog\u0105 z \u0142atwo\u015bci\u0105 wykonywa\u0107 te kluczowe zadania, niezale\u017cnie czy s\u0105 w terenie czy w biurze. To nie wszystko \u2013 nasze rozwi\u0105zanie zawiera instrukcje i wspiera rejestracj\u0119 czasu pracy, co sprawia, \u017ce ca\u0142y proces od planowania po realizacj\u0119 zada\u0144 przebiega sprawniej i skuteczniej.<\/p>\n                            <\/div>\n\t\t\t\t\t\t\n\t\t\t\t\t\t                    <\/div>\n\t\t\t\t            <\/div>\n\n        <\/div>\n    <\/section>\n\n\n\n<div class=\"acf-spacer h-[0px] md:h-[40px] xl:h-[40px]\"><\/div>\n\n\n\n\t\n    <section class=\"acf-reverse-content bg-white\" >\n        <div class=\"container\">\n\n            <div class=\"acf-reverse-content__grid md:flex-row-reverse\">\n\n                <div class=\"acf-reverse-content__item-media\">\n\t\t\t\t\t<img decoding=\"async\" width=\"583\" height=\"307\" src=\"https:\/\/utiligize.com\/wp-content\/uploads\/2023\/09\/logo.svg\" class=\"attachment-medium_large size-medium_large\" alt=\"\" loading=\"lazy\" \/>\n\t\t\t\t\t\n\t\t\t\t\t                <\/div>\n\n\t\t\t\t\t\t\t\t\t                    <div class=\"acf-reverse-content__item-text\">\n\n\t\t\t\t\t\t                            <h3 class=\"c-title c-title--violet c-title--left\">\n\t\t\t\t\t\t\t\tDla wszystkich przedsi\u0119biorstw energetycznych                            <\/h3>\n\t\t\t\t\t\t\n\t\t\t\t\t\t\n\t\t\t\t\t\t                            <div class=\"c-wysiwyg\">\n\t\t\t\t\t\t\t\t<p>Rozwi\u0105zanie Utrzymanie i planowanie Utiligize zosta\u0142o opracowane przez ekspert\u00f3w ds. zarz\u0105dzania sieci\u0105 i maj\u0105tkiem oraz dostosowane do potrzeb i wymaga\u0144 operator\u00f3w sieci dystrybucyjnych (OSD). Mo\u017ce by\u0107 \u0142atwo dostosowane r\u00f3wnie\u017c do innych typ\u00f3w przedsi\u0119biorstw u\u017cyteczno\u015bci publicznej, aby sprosta\u0107 potrzebom operacyjnym i zarz\u0105dzania projektami.<\/p>\n                            <\/div>\n\t\t\t\t\t\t\n\t\t\t\t\t\t                    <\/div>\n\t\t\t\t            <\/div>\n\n        <\/div>\n    <\/section>\n\n\n\n<div class=\"acf-spacer h-[0px] md:h-[40px] xl:h-[40px]\"><\/div>\n","protected":false},"excerpt":{"rendered":"","protected":false},"author":11,"featured_media":0,"parent":0,"menu_order":0,"comment_status":"closed","ping_status":"closed","template":"","meta":{"_acf_changed":false,"footnotes":""},"class_list":["post-3544","page","type-page","status-publish","hentry"],"acf":[],"yoast_head":"<title>Utrzymanie i planowanie - Utiligize<\/title>\n<meta name=\"robots\" content=\"index, follow, max-snippet:-1, max-image-preview:large, max-video-preview:-1\" \/>\n<link rel=\"canonical\" href=\"https:\/\/utiligize.com\/pl\/utrzymanie-i-planowanie\/\" \/>\n<meta property=\"og:locale\" content=\"pl_PL\" \/>\n<meta property=\"og:type\" content=\"article\" \/>\n<meta property=\"og:title\" content=\"Utrzymanie i planowanie - Utiligize\" \/>\n<meta property=\"og:url\" content=\"https:\/\/utiligize.com\/pl\/utrzymanie-i-planowanie\/\" \/>\n<meta property=\"og:site_name\" content=\"Utiligize\" \/>\n<meta property=\"article:modified_time\" content=\"2025-11-19T20:00:13+00:00\" \/>\n<meta name=\"twitter:card\" content=\"summary_large_image\" \/>\n<script type=\"application\/ld+json\" class=\"yoast-schema-graph\">{\"@context\":\"https:\/\/schema.org\",\"@graph\":[{\"@type\":\"WebPage\",\"@id\":\"https:\/\/utiligize.com\/pl\/utrzymanie-i-planowanie\/\",\"url\":\"https:\/\/utiligize.com\/pl\/utrzymanie-i-planowanie\/\",\"name\":\"Utrzymanie i planowanie - Utiligize\",\"isPartOf\":{\"@id\":\"https:\/\/utiligize.com\/pl\/#website\"},\"datePublished\":\"2023-08-28T08:21:33+00:00\",\"dateModified\":\"2025-11-19T20:00:13+00:00\",\"breadcrumb\":{\"@id\":\"https:\/\/utiligize.com\/pl\/utrzymanie-i-planowanie\/#breadcrumb\"},\"inLanguage\":\"pl-PL\",\"potentialAction\":[{\"@type\":\"ReadAction\",\"target\":[\"https:\/\/utiligize.com\/pl\/utrzymanie-i-planowanie\/\"]}]},{\"@type\":\"BreadcrumbList\",\"@id\":\"https:\/\/utiligize.com\/pl\/utrzymanie-i-planowanie\/#breadcrumb\",\"itemListElement\":[{\"@type\":\"ListItem\",\"position\":1,\"name\":\"Home\",\"item\":\"https:\/\/utiligize.com\/pl\/\"},{\"@type\":\"ListItem\",\"position\":2,\"name\":\"Utrzymanie i planowanie\"}]},{\"@type\":\"WebSite\",\"@id\":\"https:\/\/utiligize.com\/pl\/#website\",\"url\":\"https:\/\/utiligize.com\/pl\/\",\"name\":\"Utiligize\",\"description\":\"for powerful decisions\",\"potentialAction\":[{\"@type\":\"SearchAction\",\"target\":{\"@type\":\"EntryPoint\",\"urlTemplate\":\"https:\/\/utiligize.com\/pl\/?s={search_term_string}\"},\"query-input\":{\"@type\":\"PropertyValueSpecification\",\"valueRequired\":true,\"valueName\":\"search_term_string\"}}],\"inLanguage\":\"pl-PL\"}]}<\/script>","yoast_head_json":{"title":"Utrzymanie i planowanie - Utiligize","robots":{"index":"index","follow":"follow","max-snippet":"max-snippet:-1","max-image-preview":"max-image-preview:large","max-video-preview":"max-video-preview:-1"},"canonical":"https:\/\/utiligize.com\/pl\/utrzymanie-i-planowanie\/","og_locale":"pl_PL","og_type":"article","og_title":"Utrzymanie i planowanie - Utiligize","og_url":"https:\/\/utiligize.com\/pl\/utrzymanie-i-planowanie\/","og_site_name":"Utiligize","article_modified_time":"2025-11-19T20:00:13+00:00","twitter_card":"summary_large_image","schema":{"@context":"https:\/\/schema.org","@graph":[{"@type":"WebPage","@id":"https:\/\/utiligize.com\/pl\/utrzymanie-i-planowanie\/","url":"https:\/\/utiligize.com\/pl\/utrzymanie-i-planowanie\/","name":"Utrzymanie i planowanie - Utiligize","isPartOf":{"@id":"https:\/\/utiligize.com\/pl\/#website"},"datePublished":"2023-08-28T08:21:33+00:00","dateModified":"2025-11-19T20:00:13+00:00","breadcrumb":{"@id":"https:\/\/utiligize.com\/pl\/utrzymanie-i-planowanie\/#breadcrumb"},"inLanguage":"pl-PL","potentialAction":[{"@type":"ReadAction","target":["https:\/\/utiligize.com\/pl\/utrzymanie-i-planowanie\/"]}]},{"@type":"BreadcrumbList","@id":"https:\/\/utiligize.com\/pl\/utrzymanie-i-planowanie\/#breadcrumb","itemListElement":[{"@type":"ListItem","position":1,"name":"Home","item":"https:\/\/utiligize.com\/pl\/"},{"@type":"ListItem","position":2,"name":"Utrzymanie i planowanie"}]},{"@type":"WebSite","@id":"https:\/\/utiligize.com\/pl\/#website","url":"https:\/\/utiligize.com\/pl\/","name":"Utiligize","description":"for powerful decisions","potentialAction":[{"@type":"SearchAction","target":{"@type":"EntryPoint","urlTemplate":"https:\/\/utiligize.com\/pl\/?s={search_term_string}"},"query-input":{"@type":"PropertyValueSpecification","valueRequired":true,"valueName":"search_term_string"}}],"inLanguage":"pl-PL"}]}},"_links":{"self":[{"href":"https:\/\/utiligize.com\/pl\/wp-json\/wp\/v2\/pages\/3544","targetHints":{"allow":["GET"]}}],"collection":[{"href":"https:\/\/utiligize.com\/pl\/wp-json\/wp\/v2\/pages"}],"about":[{"href":"https:\/\/utiligize.com\/pl\/wp-json\/wp\/v2\/types\/page"}],"author":[{"embeddable":true,"href":"https:\/\/utiligize.com\/pl\/wp-json\/wp\/v2\/users\/11"}],"replies":[{"embeddable":true,"href":"https:\/\/utiligize.com\/pl\/wp-json\/wp\/v2\/comments?post=3544"}],"version-history":[{"count":5,"href":"https:\/\/utiligize.com\/pl\/wp-json\/wp\/v2\/pages\/3544\/revisions"}],"predecessor-version":[{"id":3563,"href":"https:\/\/utiligize.com\/pl\/wp-json\/wp\/v2\/pages\/3544\/revisions\/3563"}],"wp:attachment":[{"href":"https:\/\/utiligize.com\/pl\/wp-json\/wp\/v2\/media?parent=3544"}],"curies":[{"name":"wp","href":"https:\/\/api.w.org\/{rel}","templated":true}]}}